{"id":194,"date":"2016-11-03T21:41:05","date_gmt":"2016-11-03T20:41:05","guid":{"rendered":"http:\/\/tondeogreen.com\/blog\/?page_id=194"},"modified":"2024-02-28T22:03:17","modified_gmt":"2024-02-28T21:03:17","slug":"les-soins","status":"publish","type":"page","link":"https:\/\/tondeogreen.com\/blog\/gazon\/les-soins\/","title":{"rendered":"Les soins pour le gazon"},"content":{"rendered":"<p>[et_pb_section fb_built=\u00a0\u00bb1&Prime; custom_padding_last_edited=\u00a0\u00bbon|desktop\u00a0\u00bb admin_label=\u00a0\u00bbSection\u00a0\u00bb _builder_version=\u00a0\u00bb4.16&Prime; background_color=\u00a0\u00bbrgba(255,255,255,0)\u00a0\u00bb custom_padding_tablet=\u00a0\u00bb50px|0|50px|0&Prime; custom_padding_phone=\u00a0\u00bb50px|0|50px|0&Prime; transparent_background=\u00a0\u00bbon\u00a0\u00bb padding_mobile=\u00a0\u00bboff\u00a0\u00bb make_fullwidth=\u00a0\u00bboff\u00a0\u00bb use_custom_width=\u00a0\u00bboff\u00a0\u00bb width_unit=\u00a0\u00bbon\u00a0\u00bb global_colors_info=\u00a0\u00bb{}\u00a0\u00bb][et_pb_row padding_mobile=\u00a0\u00bboff\u00a0\u00bb column_padding_mobile=\u00a0\u00bbon\u00a0\u00bb admin_label=\u00a0\u00bbLigne\u00a0\u00bb _builder_version=\u00a0\u00bb4.16&Prime; background_size=\u00a0\u00bbinitial\u00a0\u00bb background_position=\u00a0\u00bbtop_left\u00a0\u00bb background_repeat=\u00a0\u00bbrepeat\u00a0\u00bb make_fullwidth=\u00a0\u00bboff\u00a0\u00bb use_custom_width=\u00a0\u00bboff\u00a0\u00bb width_unit=\u00a0\u00bboff\u00a0\u00bb custom_width_px=\u00a0\u00bb1080px\u00a0\u00bb custom_width_percent=\u00a0\u00bb80%\u00a0\u00bb global_colors_info=\u00a0\u00bb{}\u00a0\u00bb][et_pb_column type=\u00a0\u00bb4_4&Prime; _builder_version=\u00a0\u00bb4.16&Prime; custom_padding=\u00a0\u00bb|||\u00a0\u00bb global_colors_info=\u00a0\u00bb{}\u00a0\u00bb custom_padding__hover=\u00a0\u00bb|||\u00a0\u00bb][et_pb_post_title meta=\u00a0\u00bboff\u00a0\u00bb featured_image=\u00a0\u00bboff\u00a0\u00bb text_color=\u00a0\u00bblight\u00a0\u00bb admin_label=\u00a0\u00bbTitre du poste\u00a0\u00bb _builder_version=\u00a0\u00bb4.16&Prime; title_all_caps=\u00a0\u00bboff\u00a0\u00bb parallax=\u00a0\u00bbon\u00a0\u00bb parallax_method=\u00a0\u00bboff\u00a0\u00bb text_orientation=\u00a0\u00bbcenter\u00a0\u00bb parallax_effect=\u00a0\u00bbon\u00a0\u00bb use_border_color=\u00a0\u00bboff\u00a0\u00bb border_color=\u00a0\u00bb#ffffff\u00a0\u00bb border_width=\u00a0\u00bb1px\u00a0\u00bb border_style=\u00a0\u00bbsolid\u00a0\u00bb global_colors_info=\u00a0\u00bb{}\u00a0\u00bb][\/et_pb_post_title][\/et_pb_column][\/et_pb_row][\/et_pb_section][et_pb_section fb_built=\u00a0\u00bb1&Prime; admin_label=\u00a0\u00bbsection\u00a0\u00bb _builder_version=\u00a0\u00bb4.16&Prime; global_colors_info=\u00a0\u00bb{}\u00a0\u00bb][et_pb_row column_structure=\u00a0\u00bb1_4,3_4&Prime; admin_label=\u00a0\u00bbLigne\u00a0\u00bb _builder_version=\u00a0\u00bb4.16&Prime; background_size=\u00a0\u00bbinitial\u00a0\u00bb background_position=\u00a0\u00bbtop_left\u00a0\u00bb background_repeat=\u00a0\u00bbrepeat\u00a0\u00bb global_colors_info=\u00a0\u00bb{}\u00a0\u00bb][et_pb_column type=\u00a0\u00bb1_4&Prime; _builder_version=\u00a0\u00bb4.16&Prime; custom_padding=\u00a0\u00bb|||\u00a0\u00bb global_colors_info=\u00a0\u00bb{}\u00a0\u00bb custom_padding__hover=\u00a0\u00bb|||\u00a0\u00bb][et_pb_sidebar area=\u00a0\u00bbet_pb_widget_area_2&Prime; disabled_on=\u00a0\u00bbon|on|\u00a0\u00bb admin_label=\u00a0\u00bbBarre lat\u00e9rale\u00a0\u00bb _builder_version=\u00a0\u00bb4.16&Prime; remove_border=\u00a0\u00bboff\u00a0\u00bb global_colors_info=\u00a0\u00bb{}\u00a0\u00bb][\/et_pb_sidebar][\/et_pb_column][et_pb_column type=\u00a0\u00bb3_4&Prime; _builder_version=\u00a0\u00bb4.16&Prime; custom_padding=\u00a0\u00bb|||\u00a0\u00bb global_colors_info=\u00a0\u00bb{}\u00a0\u00bb custom_padding__hover=\u00a0\u00bb|||\u00a0\u00bb][et_pb_text admin_label=\u00a0\u00bbTexte\u00a0\u00bb _builder_version=\u00a0\u00bb4.24.2&Prime; background_size=\u00a0\u00bbinitial\u00a0\u00bb background_position=\u00a0\u00bbtop_left\u00a0\u00bb background_repeat=\u00a0\u00bbrepeat\u00a0\u00bb hover_enabled=\u00a0\u00bb0&Prime; use_border_color=\u00a0\u00bboff\u00a0\u00bb border_color=\u00a0\u00bb#ffffff\u00a0\u00bb border_style=\u00a0\u00bbsolid\u00a0\u00bb global_colors_info=\u00a0\u00bb{}\u00a0\u00bb sticky_enabled=\u00a0\u00bb0&Prime;]<\/p>\n<h2>La fertilisation<\/h2>\n<p>Les besoins en fertilisation croissent avec la fr\u00e9quence des tontes et du pi\u00e9tinement.<br \/>Fertiliser est indispensable \u00e0 la r\u00e9ussite d\u2019un beau gazon.<\/p>\n<p>Compte tenu du cycle v\u00e9g\u00e9tatif des gramin\u00e9es, on doit appliquer 2\/3 des besoins entre mars et juin (engrais plus riche en azote pour favoriser la croissance) et le reste en automne (engrais plus riche en potasse et phosphore afin de d\u00e9velopper le syst\u00e8me racinaire et de fortifier le gazon) et il est inutile de fertiliser en juillet et ao\u00fbt, p\u00e9riode de faible croissance v\u00e9g\u00e9tative. Des engrais haut de gamme sp\u00e9cifiques sont disponibles aujourd\u2019hui dans les magasins sp\u00e9cialis\u00e9s.<br \/>Il est important de mettre un fertilisant de qualit\u00e9 qui ne vous obligera pas \u00e0 tondre plus que de raison. Sachez \u00e9galement que l\u2019emploi de produit mixte (engrais et anti mousse) ou triple (engrais, anti mousse et d\u00e9sherbant) est inutile si votre gazon est entretenu r\u00e9guli\u00e8rement.<\/p>\n<p>Les fertilisants de qualit\u00e9 contiennent non seulement les \u00e9l\u00e9ments majeurs (Azote, Phosphore et Potasse) mais \u00e9galement les \u00e9l\u00e9ments dits secondaires (Calcium, Magn\u00e9sie et Soufre). Ils apportent \u00e9galement les vitamines indispensables: les oligo\u00e9l\u00e9ments.<\/p>\n<h2>L&rsquo;arrosage<\/h2>\n<p>D\u00e8s la cr\u00e9ation de votre pelouse, pensez \u00e0 choisir un m\u00e9lange de semences adapt\u00e9es \u00e0 votre r\u00e9gion et sa pluviom\u00e9trie.<br \/>Vous pouvez \u00e9galement pr\u00e9voir un syst\u00e8me d\u2019arrosage automatique afin de r\u00e9duire votre consommation d\u2019eau. De plus, un arrosage le soir ou de nuit vous permettra d\u2019\u00e9conomiser l\u2019eau.<br \/>Le but, afin de maintenir un beau gazon, n\u2019est pas d\u2019arroser souvent mais copieusement lorsque c\u2019est n\u00e9cessaire.<br \/>En effet, il ne faut pas d\u00e9velopper un syst\u00e8me racinaire de surface mais amener les gramin\u00e9es \u00e0 puiser l\u2019eau en profondeur.<br \/>Votre gazon sera alors plus r\u00e9sistant.<\/p>\n<p><img decoding=\"async\" style=\"float: right;\" title=\"TONDEOGREEN - L'arrosage est primordial\" src=\"https:\/\/www.tondeuse-gazon-helicoidale.com\/img\/Tondeogreen_Conseils\/Gazon_goutte.jpg\" alt=\"TONDEOGREEN - L'arrosage est primordial\" width=\"350\" \/><\/p>\n<h2>La mousse<\/h2>\n<p>Pour combattre la mousse, il faut en conna\u00eetre l\u2019origine:<br \/>-Tonte trop courte<br \/>-Sol pauvre (manque de potasse, magn\u00e9sium, calcium)<br \/>-Zone ombrag\u00e9e<br \/>-Terrain mal a\u00e9r\u00e9<br \/>-Acidit\u00e9 du sol<br \/>C\u2019est sur ces diff\u00e9rents facteurs qu\u2019il faut agir.<br \/>Surtout n\u2019utilisez pas le sulfate de fer qui acidifie le sol et favorise le retour des mousses !<br \/>Utilisez de pr\u00e9f\u00e9rence, avec les doses indiqu\u00e9es par le fabricant, la chaux magn\u00e9sienne CALCAIRE VERT de DCM (carbonate de calcium et de magn\u00e9sium granul\u00e9) bien plus efficace.<\/p>\n<p>Nos tondeuses h\u00e9lico\u00efdales sont \u00e9quip\u00e9es, en option, de <a style=\"text-decoration: underline;\" title=\"D\u00e9couvrez nos cassettes \u00e9mousseurs\" href=\"https:\/\/tondeogreen.com\/93-cassettes-emousseur\">cassettes \u00e9mousseurs<\/a> qui \u00e9limineront la mousse de votre gazon.<\/p>\n<h2>Le d\u00e9sherbage<\/h2>\n<p>Un d\u00e9sherbage annuel peut s\u2019av\u00e9rer n\u00e9cessaire et l\u2019utilisation d\u2019un d\u00e9sherbant s\u00e9lectif que l\u2019on trouve dans les jardineries donnera enti\u00e8re satisfaction. Il est imp\u00e9ratif de respecter les pr\u00e9cautions d\u2019emploi indiqu\u00e9es sur l\u2019emballage et de ne pas traiter les jeunes gazons.<br \/>Sachez qu\u2019un d\u00e9sherbage manuel \u00e0 l\u2019aide d\u2019un simple couteau, permet de supprimer la plupart des herbes ind\u00e9sirables (pissenlit, plantain, p\u00e2querette, bouton d\u2018or) et qu\u2019un traitement local (et non sur toute la surface gazonn\u00e9e) est suffisant.<br \/>Une tonte r\u00e9guli\u00e8re effectu\u00e9e avec <a style=\"text-decoration: underline;\" title=\"D\u00e9couvrez nos tondeuses h\u00e9lico\u00efdales\" href=\"https:\/\/tondeogreen.com\/12-tondeuses-helicoidales\">nos tondeuses h\u00e9lico\u00efdales<\/a> permet de ma\u00eetriser les herbes adventices du gazon.<\/p>\n<p>[\/et_pb_text][et_pb_code admin_label=\u00a0\u00bbCode\u00a0\u00bb _builder_version=\u00a0\u00bb4.16&Prime; global_colors_info=\u00a0\u00bb{}\u00a0\u00bb]<\/p>\n<div class=\"et_pb_posts_nav et_pb_module nav-single et_pb_post_nav_0\">\n<span class=\"nav-previous\"><a href=\"https:\/\/tondeogreen.com\/blog\/gazon\/entretien-du-gazon\/\" rel=\"prev\"><span class=\"meta-nav\">\u2190 <\/span>L&rsquo;entretien du gazon<\/a><\/span><span class=\"nav-next\"><a href=\"https:\/\/tondeogreen.com\/blog\/gazon\/engrais-pour-le-gazon\/\" rel=\"next\">L&rsquo;engrais pour le gazon<span class=\"meta-nav\"> \u2192<\/span><\/a><\/span>\n<\/div>\n<\/div>\n<p>[\/et_pb_code][\/et_pb_column][\/et_pb_row][\/et_pb_section][et_pb_section fb_built=\u00a0\u00bb1&Prime; custom_padding_last_edited=\u00a0\u00bbon|desktop\u00a0\u00bb admin_label=\u00a0\u00bbsection\u00a0\u00bb _builder_version=\u00a0\u00bb4.16&Prime; background_color=\u00a0\u00bbrgba(255,255,255,0)\u00a0\u00bb custom_padding_tablet=\u00a0\u00bb50px|0|50px|0&Prime; custom_padding_phone=\u00a0\u00bb50px|0|50px|0&Prime; transparent_background=\u00a0\u00bbon\u00a0\u00bb padding_mobile=\u00a0\u00bboff\u00a0\u00bb make_fullwidth=\u00a0\u00bboff\u00a0\u00bb use_custom_width=\u00a0\u00bboff\u00a0\u00bb width_unit=\u00a0\u00bboff\u00a0\u00bb global_colors_info=\u00a0\u00bb{}\u00a0\u00bb][et_pb_row padding_mobile=\u00a0\u00bboff\u00a0\u00bb column_padding_mobile=\u00a0\u00bbon\u00a0\u00bb admin_label=\u00a0\u00bbrow\u00a0\u00bb _builder_version=\u00a0\u00bb4.16&Prime; background_size=\u00a0\u00bbinitial\u00a0\u00bb background_position=\u00a0\u00bbtop_left\u00a0\u00bb background_repeat=\u00a0\u00bbrepeat\u00a0\u00bb make_fullwidth=\u00a0\u00bboff\u00a0\u00bb use_custom_width=\u00a0\u00bboff\u00a0\u00bb width_unit=\u00a0\u00bboff\u00a0\u00bb custom_width_px=\u00a0\u00bb1080px\u00a0\u00bb custom_width_percent=\u00a0\u00bb80%\u00a0\u00bb global_colors_info=\u00a0\u00bb{}\u00a0\u00bb][et_pb_column type=\u00a0\u00bb4_4&Prime; _builder_version=\u00a0\u00bb4.16&Prime; custom_padding=\u00a0\u00bb|||\u00a0\u00bb global_colors_info=\u00a0\u00bb{}\u00a0\u00bb custom_padding__hover=\u00a0\u00bb|||\u00a0\u00bb][\/et_pb_column][\/et_pb_row][\/et_pb_section]<\/p>\n","protected":false},"excerpt":{"rendered":"<p>La fertilisation Les besoins en fertilisation croissent avec la fr\u00e9quence des tontes et du pi\u00e9tinement.Fertiliser est indispensable \u00e0 la r\u00e9ussite d\u2019un beau gazon. Compte tenu du cycle v\u00e9g\u00e9tatif des gramin\u00e9es, on doit appliquer 2\/3 des besoins entre mars et juin (engrais plus riche en azote pour favoriser la croissance) et le reste en automne (engrais [&hellip;]<\/p>\n","protected":false},"author":1,"featured_media":0,"parent":65,"menu_order":0,"comment_status":"closed","ping_status":"closed","template":"","meta":{"_et_pb_use_builder":"on","_et_pb_old_content":"<h2>La fertilisation.<\/h2>\r\n<p>Les besoins en fertilisation croissent avec la fr\u00e9quence des tontes et du pi\u00e9tinement.<br \/> Fertiliser est indispensable \u00e0 la r\u00e9ussite d\u2019un beau gazon.<\/p>\r\n<p>Compte tenu du cycle v\u00e9g\u00e9tatif des gramin\u00e9es, on doit appliquer 2\/3 des besoins entre mars et juin (engrais plus riche en azote pour favoriser la croissance) et le reste en automne (engrais plus riche en potasse et phosphore afin de d\u00e9velopper le syst\u00e8me racinaire et de fortifier le gazon) et il est inutile de fertiliser en juillet et ao\u00fbt, p\u00e9riode de faible croissance v\u00e9g\u00e9tative. Des engrais haut de gamme sp\u00e9cifiques sont disponibles aujourd\u2019hui dans les magasins sp\u00e9cialis\u00e9s.<br \/> Il est important de mettre un fertilisant de qualit\u00e9 qui ne vous obligera pas \u00e0 tondre plus que de raison. Sachez \u00e9galement que l\u2019emploi de produit mixte (engrais et anti mousse) ou triple (engrais, anti mousse et d\u00e9sherbant) est inutile si votre gazon est entretenu r\u00e9guli\u00e8rement.<\/p>\r\n<p>Les fertilisants de qualit\u00e9 contiennent non seulement les \u00e9l\u00e9ments majeurs (Azote, Phosphore et Potasse) mais \u00e9galement les \u00e9l\u00e9ments dits secondaires (Calcium, Magn\u00e9sie et Soufre). Ils apportent \u00e9galement les vitamines indispensables: les oligo\u00e9l\u00e9ments.<\/p>\r\n<h2>L'arrosage<\/h2>\r\n<p>D\u00e8s la cr\u00e9ation de votre pelouse, pensez \u00e0 choisir un m\u00e9lange de semences adapt\u00e9es \u00e0 votre r\u00e9gion et sa pluviom\u00e9trie.<br \/> Vous pouvez \u00e9galement pr\u00e9voir un syst\u00e8me d\u2019arrosage automatique afin de r\u00e9duire votre consommation d\u2019eau. De plus, un arrosage le soir ou de nuit vous permettra d\u2019\u00e9conomiser l\u2019eau.<br \/> Le but, afin de maintenir un beau gazon, n\u2019est pas d\u2019arroser souvent mais copieusement lorsque c\u2019est n\u00e9cessaire.<br \/> En effet, il ne faut pas d\u00e9velopper un syst\u00e8me racinaire de surface mais amener les gramin\u00e9es \u00e0 puiser l\u2019eau en profondeur.<br \/> Votre gazon sera alors plus r\u00e9sistant.<\/p>\r\n<img style=\"float: right;\" title=\"TONDEOGREEN - L'arrosage est primordial\" src=\"http:\/\/www.tondeuse-gazon-helicoidale.com\/img\/Tondeogreen_Conseils\/Gazon_goutte.jpg\" alt=\"TONDEOGREEN - L'arrosage est primordial\" width=\"350\" \/>\r\n<h2>La mousse<\/h2>\r\n<p>Pour combattre la mousse, il faut en conna\u00eetre l\u2019origine:<br \/> -Tonte trop courte<br \/> -Sol pauvre (manque de potasse, magn\u00e9sium, calcium)<br \/> -Zone ombrag\u00e9e<br \/> -Terrain mal a\u00e9r\u00e9<br \/> -Acidit\u00e9 du sol<br \/> C\u2019est sur ces diff\u00e9rents facteurs qu\u2019il faut agir.<br \/> Surtout n\u2019utilisez pas le sulfate de fer qui acidifie le sol et favorise le retour des mousses !<br \/> Utilisez de pr\u00e9f\u00e9rence, avec les doses indiqu\u00e9es par le fabricant, la chaux magn\u00e9sienne CALCAIRE VERT de DCM (carbonate de calcium et de magn\u00e9sium granul\u00e9) bien plus efficace.<\/p>\r\n<p>Nos tondeuses h\u00e9lico\u00efdales sont \u00e9quip\u00e9es, en option, de <a style=\"text-decoration: underline;\" title=\"D\u00e9couvrez nos cassettes d\u00e9feutreuses\" href=\"http:\/\/tondeogreen.com\/93-cassettes-emousseurs\">cassette d\u00e9feutreuse<\/a> qui \u00e9liminera la mousse de votre gazon.<\/p>\r\n<h2>Le d\u00e9sherbage<\/h2>\r\n<p>Un d\u00e9sherbage annuel peut s\u2019av\u00e9rer n\u00e9cessaire et l\u2019utilisation d\u2019un d\u00e9sherbant s\u00e9lectif que l\u2019on trouve dans les jardineries donnera enti\u00e8re satisfaction. Il est imp\u00e9ratif de respecter les pr\u00e9cautions d\u2019emploi indiqu\u00e9es sur l\u2019emballage et de ne pas traiter les jeunes gazons.<br \/> Sachez qu\u2019un d\u00e9sherbage manuel \u00e0 l\u2019aide d\u2019un simple couteau, permet de supprimer la plupart des herbes ind\u00e9sirables (pissenlit, plantain, p\u00e2querette, bouton d\u2018or) et qu\u2019un traitement local (et non sur toute la surface gazonn\u00e9e) est suffisant.<\/p>\r\n<br \/>\r\n<p>Une tonte r\u00e9guli\u00e8re effectu\u00e9e avec <a style=\"text-decoration: underline;\" title=\"D\u00e9couvrez nos tondeuses h\u00e9lico\u00efdales\" href=\"http:\/\/tondeogreen.com\/12-tondeuses-helicoidales\">nos tondeuses h\u00e9lico\u00efdales<\/a> permet de ma\u00eetriser les herbes adventices du gazon.<\/p>","_et_gb_content_width":"","footnotes":""},"class_list":["post-194","page","type-page","status-publish","hentry"],"_links":{"self":[{"href":"https:\/\/tondeogreen.com\/blog\/wp-json\/wp\/v2\/pages\/194","targetHints":{"allow":["GET"]}}],"collection":[{"href":"https:\/\/tondeogreen.com\/blog\/wp-json\/wp\/v2\/pages"}],"about":[{"href":"https:\/\/tondeogreen.com\/blog\/wp-json\/wp\/v2\/types\/page"}],"author":[{"embeddable":true,"href":"https:\/\/tondeogreen.com\/blog\/wp-json\/wp\/v2\/users\/1"}],"replies":[{"embeddable":true,"href":"https:\/\/tondeogreen.com\/blog\/wp-json\/wp\/v2\/comments?post=194"}],"version-history":[{"count":7,"href":"https:\/\/tondeogreen.com\/blog\/wp-json\/wp\/v2\/pages\/194\/revisions"}],"predecessor-version":[{"id":1014,"href":"https:\/\/tondeogreen.com\/blog\/wp-json\/wp\/v2\/pages\/194\/revisions\/1014"}],"up":[{"embeddable":true,"href":"https:\/\/tondeogreen.com\/blog\/wp-json\/wp\/v2\/pages\/65"}],"wp:attachment":[{"href":"https:\/\/tondeogreen.com\/blog\/wp-json\/wp\/v2\/media?parent=194"}],"curies":[{"name":"wp","href":"https:\/\/api.w.org\/{rel}","templated":true}]}}