{"id":204,"date":"2016-11-03T22:08:47","date_gmt":"2016-11-03T21:08:47","guid":{"rendered":"http:\/\/tondeogreen.com\/blog\/?page_id=204"},"modified":"2022-03-17T21:58:07","modified_gmt":"2022-03-17T20:58:07","slug":"la-preparation-du-terrain","status":"publish","type":"page","link":"https:\/\/tondeogreen.com\/blog\/gazon\/la-preparation-du-terrain\/","title":{"rendered":"La pr\u00e9paration du terrain"},"content":{"rendered":"<p>[et_pb_section fb_built=\u00a0\u00bb1&Prime; custom_padding_last_edited=\u00a0\u00bbon|desktop\u00a0\u00bb admin_label=\u00a0\u00bbSection\u00a0\u00bb _builder_version=\u00a0\u00bb3.22&Prime; background_color=\u00a0\u00bbrgba(255,255,255,0)\u00a0\u00bb custom_padding_tablet=\u00a0\u00bb50px|0|50px|0&Prime; transparent_background=\u00a0\u00bbon\u00a0\u00bb padding_mobile=\u00a0\u00bboff\u00a0\u00bb make_fullwidth=\u00a0\u00bboff\u00a0\u00bb use_custom_width=\u00a0\u00bboff\u00a0\u00bb width_unit=\u00a0\u00bbon\u00a0\u00bb global_colors_info=\u00a0\u00bb{}\u00a0\u00bb custom_padding_phone=\u00a0\u00bb50px|0|50px|0&Prime;][et_pb_row admin_label=\u00a0\u00bbLigne\u00a0\u00bb _builder_version=\u00a0\u00bb3.25&Prime; background_size=\u00a0\u00bbinitial\u00a0\u00bb background_position=\u00a0\u00bbtop_left\u00a0\u00bb background_repeat=\u00a0\u00bbrepeat\u00a0\u00bb global_colors_info=\u00a0\u00bb{}\u00a0\u00bb][et_pb_column type=\u00a0\u00bb4_4&Prime; _builder_version=\u00a0\u00bb3.25&Prime; custom_padding=\u00a0\u00bb|||\u00a0\u00bb global_colors_info=\u00a0\u00bb{}\u00a0\u00bb custom_padding__hover=\u00a0\u00bb|||\u00a0\u00bb][et_pb_post_title meta=\u00a0\u00bboff\u00a0\u00bb featured_image=\u00a0\u00bboff\u00a0\u00bb text_color=\u00a0\u00bblight\u00a0\u00bb admin_label=\u00a0\u00bbTitre du poste\u00a0\u00bb _builder_version=\u00a0\u00bb3.0.87&Prime; title_all_caps=\u00a0\u00bboff\u00a0\u00bb background_color=\u00a0\u00bbrgba(255,255,255,0)\u00a0\u00bb parallax=\u00a0\u00bbon\u00a0\u00bb parallax_method=\u00a0\u00bboff\u00a0\u00bb text_orientation=\u00a0\u00bbcenter\u00a0\u00bb parallax_effect=\u00a0\u00bbon\u00a0\u00bb module_bg_color=\u00a0\u00bbrgba(255,255,255,0)\u00a0\u00bb use_border_color=\u00a0\u00bboff\u00a0\u00bb border_color=\u00a0\u00bb#ffffff\u00a0\u00bb border_style=\u00a0\u00bbsolid\u00a0\u00bb global_colors_info=\u00a0\u00bb{}\u00a0\u00bb][\/et_pb_post_title][\/et_pb_column][\/et_pb_row][\/et_pb_section][et_pb_section fb_built=\u00a0\u00bb1&Prime; admin_label=\u00a0\u00bbsection\u00a0\u00bb _builder_version=\u00a0\u00bb3.22&Prime; global_colors_info=\u00a0\u00bb{}\u00a0\u00bb][et_pb_row admin_label=\u00a0\u00bbLigne\u00a0\u00bb _builder_version=\u00a0\u00bb3.25&Prime; background_size=\u00a0\u00bbinitial\u00a0\u00bb background_position=\u00a0\u00bbtop_left\u00a0\u00bb background_repeat=\u00a0\u00bbrepeat\u00a0\u00bb global_colors_info=\u00a0\u00bb{}\u00a0\u00bb column_structure=\u00a0\u00bb1_4,3_4&Prime;][et_pb_column type=\u00a0\u00bb1_4&Prime; _builder_version=\u00a0\u00bb3.25&Prime; custom_padding=\u00a0\u00bb|||\u00a0\u00bb global_colors_info=\u00a0\u00bb{}\u00a0\u00bb custom_padding__hover=\u00a0\u00bb|||\u00a0\u00bb][et_pb_sidebar area=\u00a0\u00bbet_pb_widget_area_2&Prime; disabled_on=\u00a0\u00bbon|on|\u00a0\u00bb admin_label=\u00a0\u00bbBarre lat\u00e9rale\u00a0\u00bb _builder_version=\u00a0\u00bb3.0.74&Prime; remove_border=\u00a0\u00bboff\u00a0\u00bb global_colors_info=\u00a0\u00bb{}\u00a0\u00bb][\/et_pb_sidebar][\/et_pb_column][et_pb_column type=\u00a0\u00bb3_4&Prime; _builder_version=\u00a0\u00bb3.25&Prime; custom_padding=\u00a0\u00bb|||\u00a0\u00bb global_colors_info=\u00a0\u00bb{}\u00a0\u00bb custom_padding__hover=\u00a0\u00bb|||\u00a0\u00bb][et_pb_text admin_label=\u00a0\u00bbTexte\u00a0\u00bb _builder_version=\u00a0\u00bb4.14.9&Prime; background_size=\u00a0\u00bbinitial\u00a0\u00bb background_position=\u00a0\u00bbtop_left\u00a0\u00bb background_repeat=\u00a0\u00bbrepeat\u00a0\u00bb hover_enabled=\u00a0\u00bb0&Prime; global_colors_info=\u00a0\u00bb{}\u00a0\u00bb sticky_enabled=\u00a0\u00bb0&Prime;]<\/p>\n<h2>L&rsquo;amendement<\/h2>\n<p>Il va d\u00e9pendre de la qualit\u00e9 de votre sol et \u00e9galement de son taux d\u2019acidit\u00e9 mesur\u00e9 par son PH. (potentiel hydrog\u00e8ne).<\/p>\n<p>Une simple observation de la v\u00e9g\u00e9tation existante nous renseigne d\u00e9j\u00e0 sur la nature du terrain. Vous trouverez gen\u00eat et pr\u00eale sur les terres acides, l\u2019ortie sur les sols humif\u00e8res et les soucis des champs sur les terres alcalines.<\/p>\n<p>Vous pouvez \u00e9galement analyser de fa\u00e7on scientifique votre terre en utilisant les kits vendus chez les professionnels ou pour une analyse encore plus pr\u00e9cise, en vous adressant \u00e0 un laboratoire sp\u00e9cialis\u00e9.<br \/>\nApr\u00e8s avoir \u00e9tudi\u00e9 votre sol, vous pouvez alors am\u00e9liorer ses caract\u00e9ristiques par divers amendements que sont le chaulage, l\u2019apport de mati\u00e8re organiques (humus et compost) voire de m\u00e9lange de terre (attention dans ce cas \u00e0 l\u2019importance des moyens mat\u00e9riels \u00e0 mettre en oeuvre!).<br \/>\n<img decoding=\"async\" style=\"float: right;\" title=\"TONDEOGREEN - Pr\u00e9parer son terrain de la meilleure des fa\u00e7ons pour cr\u00e9er son gazon d'exception\" src=\"https:\/\/www.tondeuse-gazon-helicoidale.com\/img\/Tondeogreen_Conseils\/helicoidale.jpg\" alt=\"TONDEOGREEN - Pr\u00e9parer son terrain de la meilleure des fa\u00e7ons pour cr\u00e9er son gazon d'exception\" height=\"250\" \/><\/p>\n<h2>Le chaulage<\/h2>\n<p>L\u2019apport de chaux est important et indispensable parce qu\u2019il abaisse l\u2019acidit\u00e9 des sols siliceux et humif\u00e8res et, sur les terres argileuses, \u00ab agglom\u00e8re \u00bb les fines particules de mati\u00e8re et augmente ainsi la perm\u00e9abilit\u00e9 du sol.<br \/>\nLe chaulage doit \u00eatre effectu\u00e9 r\u00e9guli\u00e8rement car la chaux est emport\u00e9e par les eaux de pluie ou encore assimil\u00e9e par la v\u00e9g\u00e9tation, elle-m\u00eame (c\u2019est le cas du gazon sauf en cas de mulching) r\u00e9colt\u00e9e par le jardinier.<br \/>\nDe plus, les pluies augmentent l\u2019acidit\u00e9 naturelle de votre sol.<\/p>\n<p>Un chaulage tous les deux ans semble suffisant. En aucun cas il ne faut proc\u00e9der \u00e0 un surdosage qui bouleverserait de fa\u00e7on catastrophique la vie microbienne de votre terre.<br \/>\nEn cas de doute, une nouvelle analyse de votre sol semble judicieuse.<\/p>\n<h2>Avec quoi chauler ?<\/h2>\n<p>Il y a la chaux agricole, <a style=\"text-decoration: underline;\" title=\"Calcaire vert DCM\" href=\"https:\/\/tondeogreen.com\/engrais\/82-calcaire-vert.html\">le calcaire<\/a>, les algues\u2026.et <a style=\"text-decoration: underline;\" title=\"Chaux magn\u00e9sienne\" href=\"https:\/\/tondeogreen.com\/engrais\/82-calcaire-vert.html\">la chaux magn\u00e9sienne (chaux dolomitique)<\/a> qui contient la magn\u00e9sie si importante \u00e0 l\u2019activit\u00e9 chlorophyllienne, garante d\u2019un gazon bien vert.<\/p>\n<h2>L&rsquo;apport de mati\u00e8res organiques<\/h2>\n<p>Les bact\u00e9ries du sol et les vers de terre transformeront progressivement ces mati\u00e8res en humus puis en \u00e9l\u00e9ments min\u00e9raux directement assimilables par les plantes. Cette transformation sera acc\u00e9l\u00e9r\u00e9e en pr\u00e9sence du calcaire apport\u00e9 par un chaulage r\u00e9gulier. L\u2019humus et la craie auront un effet b\u00e9n\u00e9fique sur les sols argileux (cf. cidessus) et sur les sols sablonneux (r\u00f4le de liant).<br \/>\nLe renouvellement de cet apport de mati\u00e8re organique est n\u00e9cessaire.<br \/>\nEn effet, les \u00e9l\u00e9ments min\u00e9raux issus de cette transformation dispara\u00eetront in\u00e9vitablement.<\/p>\n<p>Il existe plusieurs sources d\u2019approvisionnement de mati\u00e8res organiques. La plus connue est sans doute de fumier bien d\u00e9compos\u00e9 (de cheval ou de mouton pour les terres argileuses et de vache ou de porc pour les autres sols) ou encore la tourbe, l\u2019engrais vert et le compost qui pr\u00e9sente l\u2019avantage de recycler nos d\u00e9chets verts.<br \/>\nLa solution qui nous para\u00eet la plus efficace est de se procurer le compost des nombreuses usines de revalorisation des d\u00e9chets verts. Il est analys\u00e9 r\u00e9guli\u00e8rement, tamis\u00e9 et disponible en vrac \u00e0 un prix tr\u00e8s comp\u00e9titif.<\/p>\n<h2>La pr\u00e9paration du terrain<\/h2>\n<p>Apr\u00e8s avoir labour\u00e9 votre terrain sur 20 \u00e0 25 centim\u00e8tres de profondeur, travaillez la terre et \u00e9liminez les grosses mottes.<br \/>\nLe sol doit \u00eatre meuble sur les 15 premiers centim\u00e8tres.<br \/>\nEliminez tous les cailloux et d\u00e9sherbez parfaitement le terrain au d\u00e9sherbant total non r\u00e9manent si n\u00e9cessaire (par exemple Round up, mais attention aux pr\u00e9cautions d&#8217;emploi!).<br \/>\nRatissez afin d\u2019obtenir une surface parfaitement plane indispensable \u00e0 la r\u00e9alisation d\u2019une pelouse d\u2019exception. Une l\u00e9g\u00e8re d\u00e9clivit\u00e9 limitera les exc\u00e8s d\u2019eau.<\/p>\n<p class=\"center\"><strong>La tonte r\u00e9alis\u00e9e par <a style=\"text-decoration: underline;\" title=\"D\u00e9couvrez nos tondeuses h\u00e9lico\u00efdales\" href=\"https:\/\/tondeogreen.com\/12-tondeuses-helicoidales\">nos tondeuses h\u00e9lico\u00efdales<\/a> sur une surface plane sera d\u2019une qualit\u00e9 exceptionnelle. Le r\u00e9glage de la hauteur de coupe n\u2019en sera que plus pr\u00e9cis.<\/strong><\/p>\n<p>[\/et_pb_text][et_pb_code admin_label=\u00a0\u00bbCode\u00a0\u00bb global_colors_info=\u00a0\u00bb{}\u00a0\u00bb]<\/p>\n<div class=\"et_pb_posts_nav et_pb_module nav-single et_pb_post_nav_0\">\n<span class=\"nav-previous\"><a href=\"https:\/\/tondeogreen.com\/blog\/gazon\/connaitre-terrain-composition-sol\/\" rel=\"prev\"><span class=\"meta-nav\">\u2190 <\/span>Connaitre son terrain et la composition du sol<\/a><\/span><span class=\"nav-next\"><a href=\"https:\/\/tondeogreen.com\/blog\/gazon\/le-semis\/\" rel=\"next\">Le semis du gazon<span class=\"meta-nav\"> \u2192<\/span><\/a><\/span>\n<\/div>\n<\/div>\n<p>[\/et_pb_code][\/et_pb_column][\/et_pb_row][\/et_pb_section][et_pb_section fb_built=\u00a0\u00bb1&Prime; custom_padding_last_edited=\u00a0\u00bbon|desktop\u00a0\u00bb admin_label=\u00a0\u00bbsection\u00a0\u00bb _builder_version=\u00a0\u00bb3.22&Prime; background_color=\u00a0\u00bbrgba(255,255,255,0)\u00a0\u00bb custom_padding_tablet=\u00a0\u00bb50px|0|50px|0&Prime; transparent_background=\u00a0\u00bbon\u00a0\u00bb padding_mobile=\u00a0\u00bboff\u00a0\u00bb make_fullwidth=\u00a0\u00bboff\u00a0\u00bb use_custom_width=\u00a0\u00bboff\u00a0\u00bb width_unit=\u00a0\u00bboff\u00a0\u00bb global_colors_info=\u00a0\u00bb{}\u00a0\u00bb custom_padding_phone=\u00a0\u00bb50px|0|50px|0&Prime;][et_pb_row padding_mobile=\u00a0\u00bboff\u00a0\u00bb column_padding_mobile=\u00a0\u00bbon\u00a0\u00bb admin_label=\u00a0\u00bbrow\u00a0\u00bb _builder_version=\u00a0\u00bb3.25&Prime; background_size=\u00a0\u00bbinitial\u00a0\u00bb background_position=\u00a0\u00bbtop_left\u00a0\u00bb background_repeat=\u00a0\u00bbrepeat\u00a0\u00bb make_fullwidth=\u00a0\u00bboff\u00a0\u00bb use_custom_width=\u00a0\u00bboff\u00a0\u00bb width_unit=\u00a0\u00bboff\u00a0\u00bb custom_width_px=\u00a0\u00bb1080px\u00a0\u00bb custom_width_percent=\u00a0\u00bb80%\u00a0\u00bb global_colors_info=\u00a0\u00bb{}\u00a0\u00bb][et_pb_column type=\u00a0\u00bb4_4&Prime; _builder_version=\u00a0\u00bb3.25&Prime; custom_padding=\u00a0\u00bb|||\u00a0\u00bb global_colors_info=\u00a0\u00bb{}\u00a0\u00bb custom_padding__hover=\u00a0\u00bb|||\u00a0\u00bb][\/et_pb_column][\/et_pb_row][\/et_pb_section]<\/p>\n","protected":false},"excerpt":{"rendered":"<p>L&rsquo;amendement Il va d\u00e9pendre de la qualit\u00e9 de votre sol et \u00e9galement de son taux d\u2019acidit\u00e9 mesur\u00e9 par son PH. (potentiel hydrog\u00e8ne). Une simple observation de la v\u00e9g\u00e9tation existante nous renseigne d\u00e9j\u00e0 sur la nature du terrain. Vous trouverez gen\u00eat et pr\u00eale sur les terres acides, l\u2019ortie sur les sols humif\u00e8res et les soucis des [&hellip;]<\/p>\n","protected":false},"author":1,"featured_media":0,"parent":65,"menu_order":0,"comment_status":"closed","ping_status":"closed","template":"","meta":{"_et_pb_use_builder":"on","_et_pb_old_content":"<h2>L'amendement<\/h2>\r\n<p>Il va d\u00e9pendre de la qualit\u00e9 de votre sol et \u00e9galement de son taux d\u2019acidit\u00e9 mesur\u00e9 par son PH. (potentiel hydrog\u00e8ne).<\/p>\r\n<p>Une simple observation de la v\u00e9g\u00e9tation existante nous renseigne d\u00e9j\u00e0 sur la nature du terrain. Vous trouverez gen\u00eat et pr\u00eale sur les terres acides, l\u2019ortie sur les sols humif\u00e8res et les soucis des champs sur les terres alcalines.<\/p>\r\n<p>Vous pouvez \u00e9galement analyser de fa\u00e7on scientifique votre terre en utilisant les kits vendus chez les professionnels ou pour une analyse encore plus pr\u00e9cise, en vous adressant \u00e0 un laboratoire sp\u00e9cialis\u00e9.<br \/> Apr\u00e8s avoir \u00e9tudi\u00e9 votre sol, vous pouvez alors am\u00e9liorer ses caract\u00e9ristiques par divers amendements que sont le chaulage, l\u2019apport de mati\u00e8re organiques (humus et compost) voire de m\u00e9lange de terre (attention dans ce cas \u00e0 l\u2019importance des moyens mat\u00e9riels \u00e0 mettre en oeuvre!).<\/p>\r\n<br \/> <img style=\"float: right;\" title=\"TONDEOGREEN - Pr\u00e9parer son terrain de la meilleure des fa\u00e7ons pour cr\u00e9er son gazon d'exception\" src=\"http:\/\/www.tondeuse-gazon-helicoidale.com\/img\/Tondeogreen_Conseils\/helicoidale.jpg\" alt=\"TONDEOGREEN - Pr\u00e9parer son terrain de la meilleure des fa\u00e7ons pour cr\u00e9er son gazon d'exception\" height=\"250\" \/>\r\n<h2>Le chaulage<\/h2>\r\n<p>L\u2019apport de chaux est important et indispensable parce qu\u2019il abaisse l\u2019acidit\u00e9 des sols siliceux et humif\u00e8res et, sur les terres argileuses, \u00ab agglom\u00e8re \u00bb les fines particules de mati\u00e8re et augmente ainsi la perm\u00e9abilit\u00e9 du sol.<br \/> Le chaulage doit \u00eatre effectu\u00e9 r\u00e9guli\u00e8rement car la chaux est emport\u00e9e par les eaux de pluie ou encore assimil\u00e9e par la v\u00e9g\u00e9tation, elle-m\u00eame (c\u2019est le cas du gazon sauf en cas de mulching) r\u00e9colt\u00e9e par le jardinier.<br \/> De plus, les pluies augmentent l\u2019acidit\u00e9 naturelle de votre sol.<\/p>\r\n<p>Un chaulage tous les deux ans semble suffisant. En aucun cas il ne faut proc\u00e9der \u00e0 un surdosage qui bouleverserait de fa\u00e7on catastrophique la vie microbienne de votre terre.<br \/> En cas de doute, une nouvelle analyse de votre sol semble judicieuse.<\/p>\r\n<br \/>\r\n<h2>Avec quoi chauler ?<\/h2>\r\n<p>Il y a la chaux agricole, <a style=\"text-decoration: underline;\" title=\"Calcaire vert DCM\" href=\"http:\/\/tondeogreen.com\/engrais\/82-calcaire-vert.html\">le calcaire<\/a>, les algues\u2026.et <a style=\"text-decoration: underline;\" title=\"Chaux magn\u00e9sienne\" href=\"http:\/\/tondeogreen.com\/engrais\/82-calcaire-vert.html\">la chaux magn\u00e9sienne (chaux dolomitique)<\/a> qui contient la magn\u00e9sie si importante \u00e0 l\u2019activit\u00e9 chlorophyllienne, garante d\u2019un gazon bien vert.<\/p>\r\n<br \/>\r\n<h2>L'apport de mati\u00e8res organiques<\/h2>\r\n<p>Les bact\u00e9ries du sol et les vers de terre transformeront progressivement ces mati\u00e8res en humus puis en \u00e9l\u00e9ments min\u00e9raux directement assimilables par les plantes. Cette transformation sera acc\u00e9l\u00e9r\u00e9e en pr\u00e9sence du calcaire apport\u00e9 par un chaulage r\u00e9gulier. L\u2019humus et la craie auront un effet b\u00e9n\u00e9fique sur les sols argileux (cf. cidessus) et sur les sols sablonneux (r\u00f4le de liant).<br \/> Le renouvellement de cet apport de mati\u00e8re organique est n\u00e9cessaire.<br \/> En effet, les \u00e9l\u00e9ments min\u00e9raux issus de cette transformation dispara\u00eetront in\u00e9vitablement.<\/p>\r\n<p>Il existe plusieurs sources d\u2019approvisionnement de mati\u00e8res organiques. La plus connue est sans doute de fumier bien d\u00e9compos\u00e9 (de cheval ou de mouton pour les terres argileuses et de vache ou de porc pour les autres sols) ou encore la tourbe, l\u2019engrais vert et le compost qui pr\u00e9sente l\u2019avantage de recycler nos d\u00e9chets verts.<br \/> La solution qui nous para\u00eet la plus efficace est de se procurer le compost des nombreuses usines de revalorisation des d\u00e9chets verts. Il est analys\u00e9 r\u00e9guli\u00e8rement, tamis\u00e9 et disponible en vrac \u00e0 un prix tr\u00e8s comp\u00e9titif.<\/p>\r\n<br \/>\r\n<h2>La pr\u00e9paration du terrain<\/h2>\r\n<p>Apr\u00e8s avoir labour\u00e9 votre terrain sur 20 \u00e0 25 centim\u00e8tres de profondeur, travaillez la terre et \u00e9liminez les grosses mottes.<br \/> Le sol doit \u00eatre meuble sur les 15 premiers centim\u00e8tres.<br \/> Eliminez tous les cailloux et d\u00e9sherbez parfaitement le terrain au d\u00e9sherbant total non r\u00e9manent si n\u00e9cessaire (par exemple Round up, mais attention aux pr\u00e9cautions d'emploi!).<br \/> Ratissez afin d\u2019obtenir une surface parfaitement plane indispensable \u00e0 la r\u00e9alisation d\u2019une pelouse d\u2019exception. Une l\u00e9g\u00e8re d\u00e9clivit\u00e9 limitera les exc\u00e8s d\u2019eau.<\/p>\r\n<br \/>\r\n<p class=\"center\"><strong>La tonte r\u00e9alis\u00e9e par <a style=\"text-decoration: underline;\" title=\"D\u00e9couvrez nos tondeuses h\u00e9lico\u00efdales\" href=\"http:\/\/tondeogreen.com\/12-tondeuses-helicoidales\">nos tondeuses h\u00e9lico\u00efdales<\/a> sur une surface plane sera d\u2019une qualit\u00e9 exceptionnelle. Le r\u00e9glage de la hauteur de coupe n\u2019en sera que plus pr\u00e9cis.<\/strong><\/p>","_et_gb_content_width":"","footnotes":""},"class_list":["post-204","page","type-page","status-publish","hentry"],"_links":{"self":[{"href":"https:\/\/tondeogreen.com\/blog\/wp-json\/wp\/v2\/pages\/204","targetHints":{"allow":["GET"]}}],"collection":[{"href":"https:\/\/tondeogreen.com\/blog\/wp-json\/wp\/v2\/pages"}],"about":[{"href":"https:\/\/tondeogreen.com\/blog\/wp-json\/wp\/v2\/types\/page"}],"author":[{"embeddable":true,"href":"https:\/\/tondeogreen.com\/blog\/wp-json\/wp\/v2\/users\/1"}],"replies":[{"embeddable":true,"href":"https:\/\/tondeogreen.com\/blog\/wp-json\/wp\/v2\/comments?post=204"}],"version-history":[{"count":9,"href":"https:\/\/tondeogreen.com\/blog\/wp-json\/wp\/v2\/pages\/204\/revisions"}],"predecessor-version":[{"id":844,"href":"https:\/\/tondeogreen.com\/blog\/wp-json\/wp\/v2\/pages\/204\/revisions\/844"}],"up":[{"embeddable":true,"href":"https:\/\/tondeogreen.com\/blog\/wp-json\/wp\/v2\/pages\/65"}],"wp:attachment":[{"href":"https:\/\/tondeogreen.com\/blog\/wp-json\/wp\/v2\/media?parent=204"}],"curies":[{"name":"wp","href":"https:\/\/api.w.org\/{rel}","templated":true}]}}