{"id":310,"date":"2016-11-09T21:50:49","date_gmt":"2016-11-09T20:50:49","guid":{"rendered":"http:\/\/tondeogreen.com\/blog\/?page_id=310"},"modified":"2024-02-29T21:52:57","modified_gmt":"2024-02-29T20:52:57","slug":"ramassage-feuilles","status":"publish","type":"page","link":"https:\/\/tondeogreen.com\/blog\/tondeuse-allett\/ramassage-feuilles\/","title":{"rendered":"La ramassage des feuilles avec votre tondeuse ALLETT"},"content":{"rendered":"<p>[et_pb_section fb_built=\u00a0\u00bb1&Prime; custom_padding_last_edited=\u00a0\u00bbon|desktop\u00a0\u00bb admin_label=\u00a0\u00bbSection\u00a0\u00bb _builder_version=\u00a0\u00bb4.16&Prime; background_color=\u00a0\u00bbrgba(255,255,255,0)\u00a0\u00bb custom_padding_tablet=\u00a0\u00bb50px|0|50px|0&Prime; custom_padding_phone=\u00a0\u00bb50px|0|50px|0&Prime; transparent_background=\u00a0\u00bbon\u00a0\u00bb padding_mobile=\u00a0\u00bboff\u00a0\u00bb make_fullwidth=\u00a0\u00bboff\u00a0\u00bb use_custom_width=\u00a0\u00bboff\u00a0\u00bb width_unit=\u00a0\u00bbon\u00a0\u00bb global_colors_info=\u00a0\u00bb{}\u00a0\u00bb][et_pb_row admin_label=\u00a0\u00bbLigne\u00a0\u00bb _builder_version=\u00a0\u00bb4.16&Prime; background_size=\u00a0\u00bbinitial\u00a0\u00bb background_position=\u00a0\u00bbtop_left\u00a0\u00bb background_repeat=\u00a0\u00bbrepeat\u00a0\u00bb global_colors_info=\u00a0\u00bb{}\u00a0\u00bb][et_pb_column type=\u00a0\u00bb4_4&Prime; _builder_version=\u00a0\u00bb4.16&Prime; custom_padding=\u00a0\u00bb|||\u00a0\u00bb global_colors_info=\u00a0\u00bb{}\u00a0\u00bb custom_padding__hover=\u00a0\u00bb|||\u00a0\u00bb][et_pb_post_title meta=\u00a0\u00bboff\u00a0\u00bb featured_image=\u00a0\u00bboff\u00a0\u00bb text_color=\u00a0\u00bblight\u00a0\u00bb admin_label=\u00a0\u00bbTitre du poste\u00a0\u00bb _builder_version=\u00a0\u00bb4.16&Prime; title_all_caps=\u00a0\u00bboff\u00a0\u00bb background_color=\u00a0\u00bbrgba(255,255,255,0)\u00a0\u00bb parallax=\u00a0\u00bbon\u00a0\u00bb parallax_method=\u00a0\u00bboff\u00a0\u00bb text_orientation=\u00a0\u00bbcenter\u00a0\u00bb parallax_effect=\u00a0\u00bbon\u00a0\u00bb module_bg_color=\u00a0\u00bbrgba(255,255,255,0)\u00a0\u00bb use_border_color=\u00a0\u00bboff\u00a0\u00bb border_color=\u00a0\u00bb#ffffff\u00a0\u00bb border_style=\u00a0\u00bbsolid\u00a0\u00bb global_colors_info=\u00a0\u00bb{}\u00a0\u00bb][\/et_pb_post_title][\/et_pb_column][\/et_pb_row][\/et_pb_section][et_pb_section fb_built=\u00a0\u00bb1&Prime; admin_label=\u00a0\u00bbSection\u00a0\u00bb _builder_version=\u00a0\u00bb4.16&Prime; global_colors_info=\u00a0\u00bb{}\u00a0\u00bb][et_pb_row column_structure=\u00a0\u00bb1_4,3_4&Prime; admin_label=\u00a0\u00bbLigne\u00a0\u00bb _builder_version=\u00a0\u00bb4.16&Prime; background_size=\u00a0\u00bbinitial\u00a0\u00bb background_position=\u00a0\u00bbtop_left\u00a0\u00bb background_repeat=\u00a0\u00bbrepeat\u00a0\u00bb global_colors_info=\u00a0\u00bb{}\u00a0\u00bb][et_pb_column type=\u00a0\u00bb1_4&Prime; _builder_version=\u00a0\u00bb4.16&Prime; custom_padding=\u00a0\u00bb|||\u00a0\u00bb global_colors_info=\u00a0\u00bb{}\u00a0\u00bb custom_padding__hover=\u00a0\u00bb|||\u00a0\u00bb][et_pb_sidebar area=\u00a0\u00bbet_pb_widget_area_4&Prime; disabled_on=\u00a0\u00bbon|on|\u00a0\u00bb admin_label=\u00a0\u00bbBarre lat\u00e9rale\u00a0\u00bb _builder_version=\u00a0\u00bb4.16&Prime; remove_border=\u00a0\u00bboff\u00a0\u00bb global_colors_info=\u00a0\u00bb{}\u00a0\u00bb][\/et_pb_sidebar][\/et_pb_column][et_pb_column type=\u00a0\u00bb3_4&Prime; _builder_version=\u00a0\u00bb4.16&Prime; custom_padding=\u00a0\u00bb|||\u00a0\u00bb global_colors_info=\u00a0\u00bb{}\u00a0\u00bb custom_padding__hover=\u00a0\u00bb|||\u00a0\u00bb][et_pb_text admin_label=\u00a0\u00bbTexte\u00a0\u00bb _builder_version=\u00a0\u00bb4.24.2&Prime; background_size=\u00a0\u00bbinitial\u00a0\u00bb background_position=\u00a0\u00bbtop_left\u00a0\u00bb background_repeat=\u00a0\u00bbrepeat\u00a0\u00bb hover_enabled=\u00a0\u00bb0&Prime; global_colors_info=\u00a0\u00bb{}\u00a0\u00bb sticky_enabled=\u00a0\u00bb0&Prime;]<\/p>\n<h2>Pourquoi retirer les feuilles sur le gazon ?<\/h2>\n<p>Les feuilles tomb\u00e9es des arbres et emport\u00e9es par le vent recouvrent in\u00e9luctablement les pelouses \u00e0 l&rsquo;automne, m\u00eame dans les jardins les mieux entretenus.<\/p>\n<p>Outre l&rsquo;aspect in\u00e9sth\u00e9tique qu&rsquo;elles provoquent dans la majorit\u00e9 des cas, ces feuilles peuvent \u00e9touffer le gazon si elles restent trop longtemps sur celui-ci : elles le privent d&rsquo;eau, d&rsquo;air et de lumi\u00e8re, ressources indispensables au bon d\u00e9veloppement d&rsquo;un gazon de qualit\u00e9.<\/p>\n<p>Il ne faut donc pas les laisser se d\u00e9composer sur ces brins d&rsquo;herbe, et id\u00e9alement les retirer dans les jours qui suivent leur chute sur votre gazon.<br \/>Le ramassage de ces feuilles peut \u00eatre fastidieux et fatiguant d\u00e8s lors que l&rsquo;on poss\u00e8de une surface de gazon cons\u00e9quente. Ainsi, le ramassage au rateau \u00e0 gazon n&rsquo;est pas toujours adapt\u00e9, et les balayeuse \u00e0 feuilles manuelles peuvent \u00eatre fatiguantes \u00e0 utiliser sur de grandes surfaces.<\/p>\n<hr \/>\n<h2>Ramasser les feuilles avec sa tondeuse ALLETT et la cassette \u00e9mousseur<\/h2>\n<p>Les possesseurs d&rsquo;une tondeuse ALLETT se r\u00e9jouiront alors de pouvoir compter sur leur machine motoris\u00e9e pour les aider \u00e0 cette t\u00e2che.<br \/>ALLETT a pens\u00e9 sa cassette QuickCartridge \u00e9mousseur avec des petits crochets, ayant pour utilit\u00e9 premi\u00e8re de retirer la mousse \u00e0 la base du gazon lors d&rsquo;une position basse de la cassette.<\/p>\n<p>Mais ces petits crochets s&rsquo;av\u00e8rent \u00e9galement tr\u00e8s pratiques pour aggriper les feuilles en surface du gazon : pour ceci, il faut r\u00e9gler la hauteur de cassette (la hauteur de coupe), en position haute, afin que les crochets effleurent la surface du gazon et puisse collecter les feuilles en les envoyant dans le bac de ramassage.<br \/>Vous pouvez ainsi ramasser les feuilles rapidement et sans efforts gr\u00e2ce \u00e0 votre machine autotract\u00e9e ALLETT.<\/p>\n<p>D\u00e9couvrez la d\u00e9monstration en vid\u00e9o avec la tondeuse <a title=\"D\u00e9couvrez la tondeuse ALLETT Kensington\" href=\"https:\/\/tondeogreen.com\/tondeuses-helicoidales\/9-allett-kensington-20b.html\">ALLETT Kensington<\/a> :<\/p>\n<p><center><iframe loading=\"lazy\" src=\"https:\/\/www.youtube.com\/embed\/LH7uZTZED8c?rel=0\" width=\"640\" height=\"360\" frameborder=\"0\" allowfullscreen=\"allowfullscreen\"><\/iframe><\/center><\/p>\n<p>[\/et_pb_text][\/et_pb_column][\/et_pb_row][\/et_pb_section][et_pb_section fb_built=\u00a0\u00bb1&Prime; custom_padding_last_edited=\u00a0\u00bbon|desktop\u00a0\u00bb admin_label=\u00a0\u00bbsection\u00a0\u00bb _builder_version=\u00a0\u00bb4.16&Prime; background_image=\u00a0\u00bbhttps:\/\/tondeogreen.com\/blog\/wp-content\/uploads\/2016\/11\/grass-724014.jpg\u00a0\u00bb parallax=\u00a0\u00bbon\u00a0\u00bb parallax_method=\u00a0\u00bboff\u00a0\u00bb custom_padding_tablet=\u00a0\u00bb50px|0|50px|0&Prime; custom_padding_phone=\u00a0\u00bb50px|0|50px|0&Prime; custom_css_main_element=\u00a0\u00bbborder: solid 5px white;\u00a0\u00bb transparent_background=\u00a0\u00bboff\u00a0\u00bb padding_mobile=\u00a0\u00bboff\u00a0\u00bb make_fullwidth=\u00a0\u00bboff\u00a0\u00bb use_custom_width=\u00a0\u00bboff\u00a0\u00bb width_unit=\u00a0\u00bboff\u00a0\u00bb global_colors_info=\u00a0\u00bb{}\u00a0\u00bb][et_pb_row column_structure=\u00a0\u00bb1_3,2_3&Prime; padding_mobile=\u00a0\u00bboff\u00a0\u00bb column_padding_mobile=\u00a0\u00bbon\u00a0\u00bb admin_label=\u00a0\u00bbrow\u00a0\u00bb _builder_version=\u00a0\u00bb4.16&Prime; background_size=\u00a0\u00bbinitial\u00a0\u00bb background_position=\u00a0\u00bbtop_left\u00a0\u00bb background_repeat=\u00a0\u00bbrepeat\u00a0\u00bb make_fullwidth=\u00a0\u00bboff\u00a0\u00bb use_custom_width=\u00a0\u00bboff\u00a0\u00bb width_unit=\u00a0\u00bboff\u00a0\u00bb custom_width_px=\u00a0\u00bb1080px\u00a0\u00bb custom_width_percent=\u00a0\u00bb80%\u00a0\u00bb global_colors_info=\u00a0\u00bb{}\u00a0\u00bb][et_pb_column type=\u00a0\u00bb1_3&Prime; _builder_version=\u00a0\u00bb4.16&Prime; custom_padding=\u00a0\u00bb|||\u00a0\u00bb global_colors_info=\u00a0\u00bb{}\u00a0\u00bb custom_padding__hover=\u00a0\u00bb|||\u00a0\u00bb][et_pb_image src=\u00a0\u00bbhttps:\/\/tondeogreen.com\/blog\/wp-content\/uploads\/2016\/11\/ALLETT-Tondeuse-helicoidale-Tondeogreen-size-montageOK.jpg\u00a0\u00bb align_tablet=\u00a0\u00bbcenter\u00a0\u00bb align_phone=\u00a0\u00bbcenter\u00a0\u00bb align_last_edited=\u00a0\u00bbon|desktop\u00a0\u00bb admin_label=\u00a0\u00bbImage\u00a0\u00bb _builder_version=\u00a0\u00bb4.16&Prime; animation_style=\u00a0\u00bbslide\u00a0\u00bb animation_direction=\u00a0\u00bbleft\u00a0\u00bb animation_duration=\u00a0\u00bb500ms\u00a0\u00bb animation_intensity_slide=\u00a0\u00bb10%\u00a0\u00bb use_border_color=\u00a0\u00bboff\u00a0\u00bb border_color=\u00a0\u00bb#ffffff\u00a0\u00bb border_width=\u00a0\u00bb1px\u00a0\u00bb border_style=\u00a0\u00bbsolid\u00a0\u00bb sticky=\u00a0\u00bboff\u00a0\u00bb always_center_on_mobile=\u00a0\u00bbon\u00a0\u00bb global_colors_info=\u00a0\u00bb{}\u00a0\u00bb][\/et_pb_image][\/et_pb_column][et_pb_column type=\u00a0\u00bb2_3&Prime; _builder_version=\u00a0\u00bb4.16&Prime; custom_padding=\u00a0\u00bb|||\u00a0\u00bb global_colors_info=\u00a0\u00bb{}\u00a0\u00bb custom_padding__hover=\u00a0\u00bb|||\u00a0\u00bb][et_pb_cta title=\u00a0\u00bbTrouvez votre tondeuse ALLETT sur la boutique TONDEOGREEN\u00a0\u00bb button_url=\u00a0\u00bbhttps:\/\/tondeogreen.com\/107-tondeuse-allett\u00a0\u00bb button_text=\u00a0\u00bbAcheter sa tondeuse ALLETT\u00a0\u00bb admin_label=\u00a0\u00bbAppel d&rsquo;action\u00a0\u00bb _builder_version=\u00a0\u00bb4.16&Prime; header_font_size=\u00a0\u00bb40px\u00a0\u00bb header_line_height=\u00a0\u00bb2em\u00a0\u00bb use_background_color=\u00a0\u00bboff\u00a0\u00bb background_size=\u00a0\u00bbinitial\u00a0\u00bb background_position=\u00a0\u00bbtop_left\u00a0\u00bb background_repeat=\u00a0\u00bbrepeat\u00a0\u00bb use_border_color=\u00a0\u00bboff\u00a0\u00bb border_color=\u00a0\u00bb#ffffff\u00a0\u00bb border_width=\u00a0\u00bb1px\u00a0\u00bb border_style=\u00a0\u00bbsolid\u00a0\u00bb button_letter_spacing_hover=\u00a0\u00bb0&Prime; saved_tabs=\u00a0\u00bball\u00a0\u00bb global_colors_info=\u00a0\u00bb{}\u00a0\u00bb button_text_size__hover_enabled=\u00a0\u00bboff\u00a0\u00bb button_one_text_size__hover_enabled=\u00a0\u00bboff\u00a0\u00bb button_two_text_size__hover_enabled=\u00a0\u00bboff\u00a0\u00bb button_text_color__hover_enabled=\u00a0\u00bboff\u00a0\u00bb button_one_text_color__hover_enabled=\u00a0\u00bboff\u00a0\u00bb button_two_text_color__hover_enabled=\u00a0\u00bboff\u00a0\u00bb button_border_width__hover_enabled=\u00a0\u00bboff\u00a0\u00bb button_one_border_width__hover_enabled=\u00a0\u00bboff\u00a0\u00bb button_two_border_width__hover_enabled=\u00a0\u00bboff\u00a0\u00bb button_border_color__hover_enabled=\u00a0\u00bboff\u00a0\u00bb button_one_border_color__hover_enabled=\u00a0\u00bboff\u00a0\u00bb button_two_border_color__hover_enabled=\u00a0\u00bboff\u00a0\u00bb button_border_radius__hover_enabled=\u00a0\u00bboff\u00a0\u00bb button_one_border_radius__hover_enabled=\u00a0\u00bboff\u00a0\u00bb button_two_border_radius__hover_enabled=\u00a0\u00bboff\u00a0\u00bb button_letter_spacing__hover_enabled=\u00a0\u00bbon\u00a0\u00bb button_letter_spacing__hover=\u00a0\u00bb0&Prime; button_one_letter_spacing__hover_enabled=\u00a0\u00bboff\u00a0\u00bb button_two_letter_spacing__hover_enabled=\u00a0\u00bboff\u00a0\u00bb button_bg_color__hover_enabled=\u00a0\u00bboff\u00a0\u00bb button_one_bg_color__hover_enabled=\u00a0\u00bboff\u00a0\u00bb button_two_bg_color__hover_enabled=\u00a0\u00bboff\u00a0\u00bb][\/et_pb_cta][\/et_pb_column][\/et_pb_row][\/et_pb_section][et_pb_section fb_built=\u00a0\u00bb1&Prime; custom_padding_last_edited=\u00a0\u00bbon|desktop\u00a0\u00bb admin_label=\u00a0\u00bbsection\u00a0\u00bb _builder_version=\u00a0\u00bb4.16&Prime; background_color=\u00a0\u00bbrgba(255,255,255,0)\u00a0\u00bb custom_padding_tablet=\u00a0\u00bb50px|0|50px|0&Prime; custom_padding_phone=\u00a0\u00bb50px|0|50px|0&Prime; transparent_background=\u00a0\u00bbon\u00a0\u00bb padding_mobile=\u00a0\u00bboff\u00a0\u00bb make_fullwidth=\u00a0\u00bboff\u00a0\u00bb use_custom_width=\u00a0\u00bboff\u00a0\u00bb width_unit=\u00a0\u00bboff\u00a0\u00bb global_colors_info=\u00a0\u00bb{}\u00a0\u00bb][et_pb_row padding_mobile=\u00a0\u00bboff\u00a0\u00bb column_padding_mobile=\u00a0\u00bbon\u00a0\u00bb admin_label=\u00a0\u00bbrow\u00a0\u00bb _builder_version=\u00a0\u00bb4.16&Prime; background_size=\u00a0\u00bbinitial\u00a0\u00bb background_position=\u00a0\u00bbtop_left\u00a0\u00bb background_repeat=\u00a0\u00bbrepeat\u00a0\u00bb make_fullwidth=\u00a0\u00bboff\u00a0\u00bb use_custom_width=\u00a0\u00bboff\u00a0\u00bb width_unit=\u00a0\u00bboff\u00a0\u00bb custom_width_px=\u00a0\u00bb1080px\u00a0\u00bb custom_width_percent=\u00a0\u00bb80%\u00a0\u00bb global_colors_info=\u00a0\u00bb{}\u00a0\u00bb][et_pb_column type=\u00a0\u00bb4_4&Prime; _builder_version=\u00a0\u00bb4.16&Prime; custom_padding=\u00a0\u00bb|||\u00a0\u00bb global_colors_info=\u00a0\u00bb{}\u00a0\u00bb custom_padding__hover=\u00a0\u00bb|||\u00a0\u00bb][\/et_pb_column][\/et_pb_row][\/et_pb_section]<\/p>\n","protected":false},"excerpt":{"rendered":"<p>Pourquoi retirer les feuilles sur le gazon ? Les feuilles tomb\u00e9es des arbres et emport\u00e9es par le vent recouvrent in\u00e9luctablement les pelouses \u00e0 l&rsquo;automne, m\u00eame dans les jardins les mieux entretenus. Outre l&rsquo;aspect in\u00e9sth\u00e9tique qu&rsquo;elles provoquent dans la majorit\u00e9 des cas, ces feuilles peuvent \u00e9touffer le gazon si elles restent trop longtemps sur celui-ci : [&hellip;]<\/p>\n","protected":false},"author":1,"featured_media":0,"parent":60,"menu_order":0,"comment_status":"closed","ping_status":"closed","template":"","meta":{"_et_pb_use_builder":"on","_et_pb_old_content":"<h2>Pourquoi retirer les feuilles sur le gazon ?<\/h2>\r\n<p>Les feuilles tomb\u00e9es des arbres et emport\u00e9es par le vent recouvrent in\u00e9luctablement les pelouses \u00e0 l'automne, m\u00eame dans les jardins les mieux entretenus.<\/p>\r\n<br \/>\r\n<p>Outre l'aspect in\u00e9sth\u00e9tique qu'elles provoquent dans la majorit\u00e9 des cas, ces feuilles peuvent \u00e9touffer le gazon si elles restent trop longtemps sur celui-ci : elles le privent d'eau, d'air et de lumi\u00e8re, ressources indispensables au bon d\u00e9veloppement d'un gazon de qualit\u00e9.<\/p>\r\n<br \/>\r\n<p>Il ne faut donc pas les laisser se d\u00e9composer sur ces brins d'herbe, et id\u00e9alement les retirer dans les jours qui suivent leur chute sur votre gazon.<\/p>\r\n<br \/>\r\n<p>Le ramassage de ces feuilles peut \u00eatre fastidieux et fatiguant d\u00e8s lors que l'on poss\u00e8de une surface de gazon cons\u00e9quente. Ainsi, le ramassage au rateau \u00e0 gazon n'est pas toujours adapt\u00e9, et les balayeuse \u00e0 feuilles manuelles peuvent \u00eatre fatiguantes \u00e0 utiliser sur de grandes surfaces.<\/p>\r\n<br \/><hr \/>\r\n<h2>Ramasser les feuilles avec sa tondeuse ALLETT et la cassette \u00e9mousseur<\/h2>\r\n<p>Les possesseurs d'une tondeuse ALLETT se r\u00e9jouiront alors de pouvoir compter sur leur machine motoris\u00e9e pour les aider \u00e0 cette t\u00e2che.<\/p>\r\n<br \/>\r\n<p>ALLETT a pens\u00e9 sa cassette QuickCartridge \u00e9mousseur avec des petits crochets, ayant pour utilit\u00e9 premi\u00e8re de retirer la mousse \u00e0 la base du gazon lors d'une position basse de la cassette.<\/p>\r\n<p>Mais ces petits crochets s'av\u00e8rent \u00e9galement tr\u00e8s pratiques pour aggriper les feuilles en surface du gazon : pour ceci, il faut r\u00e9gler la hauteur de cassette (la hauteur de coupe), en position haute, afin que les crochets effleurent la surface du gazon et puisse collecter les feuilles en les envoyant dans le bac de ramassage.<\/p>\r\n<br \/>\r\n<p>Vous pouvez ainsi ramasser les feuilles rapidement et sans efforts gr\u00e2ce \u00e0 votre machine autotract\u00e9e ALLETT.<\/p>\r\n<p>D\u00e9couvrez la d\u00e9monstration en vid\u00e9o avec la tondeuse <a title=\"D\u00e9couvrez la tondeuse ALLETT Kensington\" href=\"http:\/\/tondeogreen.com\/tondeuse-helicoidale-thermique\/9-kensington-20k.html\">ALLETT Kensington<\/a> :<\/p>\r\n<br \/><center><iframe src=\"https:\/\/www.youtube.com\/embed\/LH7uZTZED8c?rel=0\" width=\"640\" height=\"360\" frameborder=\"0\" allowfullscreen=\"allowfullscreen\"><\/iframe><\/center>","_et_gb_content_width":"","footnotes":""},"class_list":["post-310","page","type-page","status-publish","hentry"],"_links":{"self":[{"href":"https:\/\/tondeogreen.com\/blog\/wp-json\/wp\/v2\/pages\/310","targetHints":{"allow":["GET"]}}],"collection":[{"href":"https:\/\/tondeogreen.com\/blog\/wp-json\/wp\/v2\/pages"}],"about":[{"href":"https:\/\/tondeogreen.com\/blog\/wp-json\/wp\/v2\/types\/page"}],"author":[{"embeddable":true,"href":"https:\/\/tondeogreen.com\/blog\/wp-json\/wp\/v2\/users\/1"}],"replies":[{"embeddable":true,"href":"https:\/\/tondeogreen.com\/blog\/wp-json\/wp\/v2\/comments?post=310"}],"version-history":[{"count":5,"href":"https:\/\/tondeogreen.com\/blog\/wp-json\/wp\/v2\/pages\/310\/revisions"}],"predecessor-version":[{"id":1025,"href":"https:\/\/tondeogreen.com\/blog\/wp-json\/wp\/v2\/pages\/310\/revisions\/1025"}],"up":[{"embeddable":true,"href":"https:\/\/tondeogreen.com\/blog\/wp-json\/wp\/v2\/pages\/60"}],"wp:attachment":[{"href":"https:\/\/tondeogreen.com\/blog\/wp-json\/wp\/v2\/media?parent=310"}],"curies":[{"name":"wp","href":"https:\/\/api.w.org\/{rel}","templated":true}]}}