{"id":611,"date":"2017-02-13T19:27:57","date_gmt":"2017-02-13T18:27:57","guid":{"rendered":"http:\/\/tondeogreen.com\/blog\/?page_id=611"},"modified":"2022-03-17T23:03:25","modified_gmt":"2022-03-17T22:03:25","slug":"tondeuse-manuelle-guide-achat-tableau-comparatif","status":"publish","type":"page","link":"https:\/\/tondeogreen.com\/blog\/guides-achat\/tondeuse-manuelle-guide-achat-tableau-comparatif\/","title":{"rendered":"Tondeuse manuelle : Guide d&rsquo;achat + Tableau comparatif"},"content":{"rendered":"<p>[et_pb_section fb_built=\u00a0\u00bb1&Prime; custom_padding_last_edited=\u00a0\u00bbon|desktop\u00a0\u00bb admin_label=\u00a0\u00bbsection\u00a0\u00bb _builder_version=\u00a0\u00bb3.22&Prime; background_color=\u00a0\u00bbrgba(255,255,255,0)\u00a0\u00bb custom_padding_tablet=\u00a0\u00bb50px|0|50px|0&Prime; transparent_background=\u00a0\u00bbon\u00a0\u00bb padding_mobile=\u00a0\u00bboff\u00a0\u00bb make_fullwidth=\u00a0\u00bboff\u00a0\u00bb use_custom_width=\u00a0\u00bboff\u00a0\u00bb width_unit=\u00a0\u00bbon\u00a0\u00bb global_colors_info=\u00a0\u00bb{}\u00a0\u00bb custom_padding_phone=\u00a0\u00bb50px|0|50px|0&Prime;][et_pb_row admin_label=\u00a0\u00bbrow\u00a0\u00bb _builder_version=\u00a0\u00bb3.25&Prime; background_size=\u00a0\u00bbinitial\u00a0\u00bb background_position=\u00a0\u00bbtop_left\u00a0\u00bb background_repeat=\u00a0\u00bbrepeat\u00a0\u00bb global_colors_info=\u00a0\u00bb{}\u00a0\u00bb][et_pb_column type=\u00a0\u00bb4_4&Prime; _builder_version=\u00a0\u00bb3.25&Prime; custom_padding=\u00a0\u00bb|||\u00a0\u00bb global_colors_info=\u00a0\u00bb{}\u00a0\u00bb custom_padding__hover=\u00a0\u00bb|||\u00a0\u00bb][et_pb_post_title meta=\u00a0\u00bboff\u00a0\u00bb text_color=\u00a0\u00bblight\u00a0\u00bb admin_label=\u00a0\u00bbTitre du poste\u00a0\u00bb _builder_version=\u00a0\u00bb3.0.87&Prime; title_all_caps=\u00a0\u00bboff\u00a0\u00bb background_color=\u00a0\u00bbrgba(255,255,255,0)\u00a0\u00bb parallax=\u00a0\u00bbon\u00a0\u00bb parallax_method=\u00a0\u00bboff\u00a0\u00bb text_orientation=\u00a0\u00bbcenter\u00a0\u00bb parallax_effect=\u00a0\u00bbon\u00a0\u00bb module_bg_color=\u00a0\u00bbrgba(255,255,255,0)\u00a0\u00bb use_border_color=\u00a0\u00bboff\u00a0\u00bb border_color=\u00a0\u00bb#ffffff\u00a0\u00bb border_style=\u00a0\u00bbsolid\u00a0\u00bb global_colors_info=\u00a0\u00bb{}\u00a0\u00bb][\/et_pb_post_title][\/et_pb_column][\/et_pb_row][\/et_pb_section][et_pb_section fb_built=\u00a0\u00bb1&Prime; admin_label=\u00a0\u00bbSection\u00a0\u00bb _builder_version=\u00a0\u00bb3.22&Prime; global_colors_info=\u00a0\u00bb{}\u00a0\u00bb][et_pb_row admin_label=\u00a0\u00bbLigne\u00a0\u00bb _builder_version=\u00a0\u00bb3.25&Prime; background_size=\u00a0\u00bbinitial\u00a0\u00bb background_position=\u00a0\u00bbtop_left\u00a0\u00bb background_repeat=\u00a0\u00bbrepeat\u00a0\u00bb global_colors_info=\u00a0\u00bb{}\u00a0\u00bb column_structure=\u00a0\u00bb1_4,3_4&Prime;][et_pb_column type=\u00a0\u00bb1_4&Prime; _builder_version=\u00a0\u00bb3.25&Prime; custom_padding=\u00a0\u00bb|||\u00a0\u00bb global_colors_info=\u00a0\u00bb{}\u00a0\u00bb custom_padding__hover=\u00a0\u00bb|||\u00a0\u00bb][et_pb_sidebar area=\u00a0\u00bbet_pb_widget_area_5&Prime; disabled_on=\u00a0\u00bbon|on|\u00a0\u00bb admin_label=\u00a0\u00bbBarre lat\u00e9rale\u00a0\u00bb _builder_version=\u00a0\u00bb3.0.74&Prime; remove_border=\u00a0\u00bboff\u00a0\u00bb global_colors_info=\u00a0\u00bb{}\u00a0\u00bb][\/et_pb_sidebar][\/et_pb_column][et_pb_column type=\u00a0\u00bb3_4&Prime; _builder_version=\u00a0\u00bb3.25&Prime; custom_padding=\u00a0\u00bb|||\u00a0\u00bb global_colors_info=\u00a0\u00bb{}\u00a0\u00bb custom_padding__hover=\u00a0\u00bb|||\u00a0\u00bb][et_pb_text admin_label=\u00a0\u00bbTexte\u00a0\u00bb _builder_version=\u00a0\u00bb3.27.4&Prime; background_size=\u00a0\u00bbinitial\u00a0\u00bb background_position=\u00a0\u00bbtop_left\u00a0\u00bb background_repeat=\u00a0\u00bbrepeat\u00a0\u00bb use_border_color=\u00a0\u00bboff\u00a0\u00bb border_color=\u00a0\u00bb#ffffff\u00a0\u00bb border_style=\u00a0\u00bbsolid\u00a0\u00bb global_colors_info=\u00a0\u00bb{}\u00a0\u00bb]<\/p>\n<figure style=\"text-align: center;float:right;margin:0px 0px 15px 30px;\"><img decoding=\"async\" src=\"https:\/\/tondeogreen.com\/blog\/wp-content\/uploads\/2017\/02\/FISKARS-STAYSHARP-MAX-TONDEOGREEN-800.jpg\" title=\"Fiskars StaySharp Max\" alt=\"Lames de la tondeuse manuelle StaySharp Max de Fiskars\" width=\"380\"><figcaption>Comment choisir la bonne tondeuse manuelle ?<\/figcaption><\/figure>\n<p>Pour vous aider \u00e0 faire le meilleur choix pour votre gazon, nous vous proposons ce guide faisant le point sur les caract\u00e9ristiques \u00e0 prendre en compte lorsque l\u2019on d\u00e9cide d\u2019acheter une tondeuse manuelle.<\/p>\n<h2>Vos besoins et vos attentes par rapport \u00e0 votre tondeuse<\/h2>\n<p>La premi\u00e8re \u00e9tape \u00e0 suivre est de bien d\u00e9finir vos besoins en mati\u00e8re de tonte. Ce sont eux qui doivent vous orienter lors du choix de votre tondeuse manuelle, et non la tondeuse qui doit vous pousser \u00e0 modifier vos habitudes et \u00e0 revoir vos attentes une fois \u00e0 la maison.<\/p>\n<h3>Quelles sont vos habitudes d\u2019entretien du gazon ?<\/h3>\n<p>Consid\u00e9rez d\u2019abord la fa\u00e7on dont vous entretenez ou souhaitez entretenir votre gazon.<\/p>\n<h4 style=\"color: #9acd32;\">-&gt; Plut\u00f4t gazon court ou plut\u00f4t pelouse naturelle ?<\/h4>\n<p>La hauteur de coupe varie d\u2019une tondeuse \u00e0 l\u2019autre, certaines sont sp\u00e9cialis\u00e9es pour les gazons \u00e0 ras (hauteur de coupe entre 13 et 23 mm), et d\u2019autres pour les gazons plus haut (25 \u00e0 100 mm).<\/p>\n<h4 style=\"color: #9acd32;\">-&gt; Une ou deux tonte par semaine ?<\/h4>\n<p>Tondre tous les 3 ou 4 jours lors de la grande p\u00e9riode de pousse est l\u2019id\u00e9al. Mais vous n&rsquo;aurez peut-\u00eatre pas le temps ou la patience n\u00e9cessaire. Plus les tontes sont espac\u00e9es (dans la limite du raisonnable !) plus il faut se tourner vers une tondeuse avec une hauteur de coupe variable d\u2019une bonne amplitude.<\/p>\n<figure style=\"text-align: center;float:right;margin:0px 0px 15px 30px;\"><img decoding=\"async\" src=\"https:\/\/tondeogreen.com\/blog\/wp-content\/uploads\/2017\/02\/StaySharp-Max-Fiskars-Hauteur-Coupe.jpg\" alt=\"Hauteur de coupe r\u00e9glable\" width=\"300\"><figcaption>Hauteur de coupe \u00e9lev\u00e9e pour terrain bossel\u00e9<\/figcaption><\/figure>\n<h4 style=\"color: #9acd32;\">-&gt; Terrain plat ou l\u00e9g\u00e8rement bossel\u00e9 ?<\/h4>\n<p>Les tondeuses h\u00e9lico\u00efdales travaillent id\u00e9alement sur un terrain plat.<\/p>\n<p>Les bosses peuvent d\u00e9s\u00e9quilibrer la tondeuse et la coupe ne pourra pas \u00eatre r\u00e9guli\u00e8re. Si les bosses sont trop importantes, les lames peuvent m\u00eame venir scalper le haut de la bosse.<\/p>\n<p>Pour rem\u00e9dier \u00e0 ce probl\u00e8me, il faut choisir une hauteur de coupe suffisamment haute pour ne pas endommager votre tondeuse et obtenir un beau r\u00e9sultat de tonte.<\/p>\n<p>Les tondeuses manuelles d\u00e9di\u00e9es aux tontes rases sont \u00e0 proscrire sur des terrains non-plats.<\/p>\n<h4 style=\"color: #9acd32;\">-&gt; Petit jardin ou grande surface de tonte ?<\/h4>\n<p>N\u2019oubliez pas de prendre en compte le temps que vous passerez \u00e0 tondre.<\/p>\n<p>Si vous souhaitez tondre rapidement, optez pour une tondeuse avec une plus grande largeur de coupe afin de limiter le nombre de passage.<\/p>\n<p>Certains mod\u00e8les sont \u00e9quip\u00e9s de m\u00e9canismes plus \u00e9volu\u00e9s afin de demander moins d\u2019\u00e9nergie de pouss\u00e9e pour pouvoir fonctionner. Ces m\u00e9canismes all\u00e8gent l\u2019effort de tonte.<\/p>\n<p>Si les tondeuses manuelles qui n\u2019en sont pas \u00e9quip\u00e9s ne sont pas pour autant p\u00e9nibles \u00e0 pousser, une diff\u00e9rence peut se faire sentir sur des grandes surfaces de tonte.<\/p>\n<h3>Quelles am\u00e9liorations pour votre gazon ?<\/h3>\n<p>En choisissant votre tondeuse h\u00e9lico\u00efdale manuelle, ayez en t\u00eate les avantages que celle-ci procurera \u00e0 votre gazon.<\/p>\n<figure style=\"text-align:center; float:left;margin: 15px 30px 15px 0px;\"><img decoding=\"async\" src=\"https:\/\/tondeogreen.com\/blog\/wp-content\/uploads\/2017\/02\/Gazon-naturel-tondu-TONDEOGREEN.jpg\" alt=\"Gazon tondu r\u00e9guli\u00e8rement\" width=\"300\"><figcaption>Un gazon tondu r\u00e9guli\u00e8rement gagne en qualit\u00e9<\/figcaption><\/figure>\n<p>Les tondeuses \u00e9quip\u00e9es d\u2019un rouleau arri\u00e8re suffisamment lourd pourront rouler votre gazon \u00e0 la mani\u00e8re d\u2019un rouleau de jardin ou d\u2019un rouleau arri\u00e8re de tondeuse h\u00e9lico\u00efdale motoris\u00e9e. Ce roulage favorise la tallage des gramin\u00e9es et donc la densit\u00e9 de votre gazon.<\/p>\n<p>Plus un cylindre contient de lames h\u00e9lico\u00efdales, plus de coupes seront effectu\u00e9es sur votre gazon. Augmenter le nombre de d\u00e9coupes permet d&rsquo;am\u00e9liorer la r\u00e9gularit\u00e9 du gazon, pour un meilleur rendu esth\u00e9tique.<\/p>\n<p>Plus un cylindre tourne vite, plus de coupes sont effectu\u00e9es. Certaines tondeuses ont des m\u00e9canismes plus \u00e9volu\u00e9s pour permettre au cylindre de tourner plus vite.<\/p>\n<blockquote><p>Pour en savoir plus sur les avantages de la tonte \u00e0 l&rsquo;h\u00e9lico\u00efdale : <a href=\"https:\/\/tondeogreen.com\/blog\/tondeuse-helicoidale\/pourquoi-choisir-tondeuse-helicoidale\/\">Pourquoi choisir une tondeuse h\u00e9lico\u00efdale ?<\/a><\/p><\/blockquote>\n<h2>Comparez nos tondeuses h\u00e9lico\u00efdales manuelles<\/h2>\n<p>La seconde \u00e9tape est de d\u00e9couvrir les diff\u00e9rentes tondeuses manuelles et leurs caract\u00e9ristiques respectives afin de pouvoir les comparer et d\u00e9finir laquelle est la plus adapt\u00e9e \u00e0 vos besoins et \u00e0 vos envies.<\/p>\n<p>TONDEOGREEN vous fournit ce tableau comparatif de ses mod\u00e8les de tondeuses h\u00e9lico\u00efdales manuelles :<\/p>\n<p>[\/et_pb_text][\/et_pb_column][\/et_pb_row][et_pb_row admin_label=\u00a0\u00bbLigne\u00a0\u00bb _builder_version=\u00a0\u00bb3.25&Prime; background_size=\u00a0\u00bbinitial\u00a0\u00bb background_position=\u00a0\u00bbtop_left\u00a0\u00bb background_repeat=\u00a0\u00bbrepeat\u00a0\u00bb global_colors_info=\u00a0\u00bb{}\u00a0\u00bb][et_pb_column type=\u00a0\u00bb4_4&Prime; _builder_version=\u00a0\u00bb3.25&Prime; custom_padding=\u00a0\u00bb|||\u00a0\u00bb global_colors_info=\u00a0\u00bb{}\u00a0\u00bb custom_padding__hover=\u00a0\u00bb|||\u00a0\u00bb][et_pb_text admin_label=\u00a0\u00bbTexte\u00a0\u00bb _builder_version=\u00a0\u00bb3.27.4&Prime; background_size=\u00a0\u00bbinitial\u00a0\u00bb background_position=\u00a0\u00bbtop_left\u00a0\u00bb background_repeat=\u00a0\u00bbrepeat\u00a0\u00bb text_orientation=\u00a0\u00bbcenter\u00a0\u00bb module_alignment=\u00a0\u00bbcenter\u00a0\u00bb use_border_color=\u00a0\u00bboff\u00a0\u00bb border_color=\u00a0\u00bb#ffffff\u00a0\u00bb border_style=\u00a0\u00bbsolid\u00a0\u00bb global_colors_info=\u00a0\u00bb{}\u00a0\u00bb]\n<table id=\"tablepress-2\" class=\"tablepress tablepress-id-2\">\n<thead>\n<tr class=\"row-1 odd\">\n\t<th class=\"column-1\"><strong>Mod\u00e8le<\/strong><\/th><th class=\"column-2\">Photo<\/th><th class=\"column-3\">Nombre de lames<\/th><th class=\"column-4\">Largeur de coupe<\/th><th class=\"column-5\">Hauteur de coupe<\/th><th class=\"column-6\">Surface conseill\u00e9e<\/th><th class=\"column-7\">Poids<\/th><th class=\"column-8\">Rouleau <\/th><th class=\"column-9\">Bac de ramassage<\/th>\n<\/tr>\n<\/thead>\n<tbody class=\"row-hover\">\n<tr class=\"row-2 even\">\n\t<td class=\"column-1\"><div style=\"text-align:center;\"><strong>FISKARS StaySharp Max<\/strong><a class=\"et_pb_button  et_pb_button_0 et_pb_module et_pb_bg_layout_light\" href=\"https:\/\/tondeogreen.com\/tondeuse-helicoidale-manuelle\/15-fiskars-staysharp-max-et-son-bac-tondeuse-manuelle.html\" style=\"font-size:18px;\">Voir<\/a><br \/>\n<\/div><br \/>\n<\/td><td class=\"column-2\"><img decoding=\"async\" src=\"https:\/\/tondeogreen.com\/58-home_default\/staysharp-de-fiskars.jpg\" alt=\"FISKARS StaySharp Max et son bac - Tondeuse manuelle\" width=\"90px;\"\/><\/td><td class=\"column-3\">5<\/td><td class=\"column-4\">45 cm<\/td><td class=\"column-5\">25 \u00e0 100 mm<\/td><td class=\"column-6\">400 m\u00b2<\/td><td class=\"column-7\">23.50 kg<\/td><td class=\"column-8\">Non<\/td><td class=\"column-9\">\u00e0 l\u2019avant<\/td>\n<\/tr>\n<tr class=\"row-3 odd\">\n\t<td class=\"column-1\"><div style=\"text-align:center;\"><strong>ProMow Push 18<\/strong><a class=\"et_pb_button  et_pb_button_0 et_pb_module et_pb_bg_layout_light\" href=\"https:\/\/tondeogreen.com\/tondeuses-helicoidales\/227-promow-push-18-tondeuse-manuelle-0854291000283.html\" style=\"font-size:18px;\">Voir<\/a><\/div><\/td><td class=\"column-2\"><img decoding=\"async\" src=\"https:\/\/tondeogreen.com\/556-large_default\/promow-push-18.jpg\" alt=\"ProMow Push 18 - Tondeuse manuelle\" width=\"90px\"\/><br \/>\n<\/td><td class=\"column-3\">5<\/td><td class=\"column-4\">46 cm<\/td><td class=\"column-5\">38 \u00e0 63 mm<\/td><td class=\"column-6\">300 m\u00b2<\/td><td class=\"column-7\">15 kg<\/td><td class=\"column-8\">Arri\u00e8re<\/td><td class=\"column-9\">Non<\/td>\n<\/tr>\n<tr class=\"row-4 even\">\n\t<td class=\"column-1\"><div style=\"text-align:center;\"><strong>FISKARS StaySharp Plus<\/strong><a class=\"et_pb_button  et_pb_button_0 et_pb_module et_pb_bg_layout_light\" href=\"https:\/\/tondeogreen.com\/tondeuse-helicoidale-manuelle\/168-fiskars-staysharp-plus-tondeuse-manuelle-6411501138729.html\" style=\"font-size:18px;\">Voir<\/a><\/div><br \/>\n<\/td><td class=\"column-2\"><img decoding=\"async\" src=\"https:\/\/tondeogreen.com\/436-large_default\/staysharp-plus-fiskars.jpg\" alt=\"FISKARS StaySharp Plus - Tondeuse manuelle\" width=\"90px\"\/><\/td><td class=\"column-3\">5<\/td><td class=\"column-4\">42 cm<\/td><td class=\"column-5\">38 \u00e0 100 mm<\/td><td class=\"column-6\">400 m\u00b2<\/td><td class=\"column-7\">19 kg<\/td><td class=\"column-8\">Non<\/td><td class=\"column-9\">Non<\/td>\n<\/tr>\n<tr class=\"row-5 odd\">\n\t<td class=\"column-1\"><div style=\"text-align:center;\"><strong>American Lawn Mower 1705 16 <\/strong><a class=\"et_pb_button  et_pb_button_0 et_pb_module et_pb_bg_layout_light\" href=\"https:\/\/tondeogreen.com\/tondeuse-helicoidale-manuelle\/128-american-lawn-mower-1705-16.html\" style=\"font-size:18px;\">Voir<\/a><\/div><br \/>\n<\/td><td class=\"column-2\"><img decoding=\"async\" src=\"https:\/\/tondeogreen.com\/320-home_default\/american-lawn-mower-1705-16.jpg\" alt=\"American Lawn Mower 1705 16 - Tondeuse manuelle\" width=\"90px;\"\/><\/td><td class=\"column-3\">7<\/td><td class=\"column-4\">40 cm<\/td><td class=\"column-5\">13 \u00e0 63 mm<\/td><td class=\"column-6\">200 m\u00b2<\/td><td class=\"column-7\">13 kg<\/td><td class=\"column-8\">Arri\u00e8re<\/td><td class=\"column-9\">\u00e0 l\u2019arri\u00e8re<\/td>\n<\/tr>\n<tr class=\"row-6 even\">\n\t<td class=\"column-1\"><div style=\"text-align:center;\"><strong>American Lawn Mower 1415 16<\/strong><a class=\"et_pb_button  et_pb_button_0 et_pb_module et_pb_bg_layout_light\" href=\"https:\/\/tondeogreen.com\/tondeuse-helicoidale-manuelle\/17-american-lawn-mower-1415-16.html\" style=\"font-size:18px;\">Voir<\/a><\/div><br \/>\n<\/td><td class=\"column-2\"><img decoding=\"async\" src=\"https:\/\/tondeogreen.com\/65-home_default\/american-lawn-mower-1415-16.jpg\" alt=\"American Lawn Mower 1415 16 - Tondeuse manuelle\" width=\"90px;\"\/><\/td><td class=\"column-3\">5<\/td><td class=\"column-4\">40 cm<\/td><td class=\"column-5\">13 \u00e0 63 mm<\/td><td class=\"column-6\">200 m\u00b2<\/td><td class=\"column-7\">13 kg<\/td><td class=\"column-8\">Arri\u00e8re<\/td><td class=\"column-9\">\u00e0 l\u2019arri\u00e8re<\/td>\n<\/tr>\n<tr class=\"row-7 odd\">\n\t<td class=\"column-1\"><div style=\"text-align:center;\"><strong>Webb WEH 18<\/strong><a class=\"et_pb_button  et_pb_button_0 et_pb_module et_pb_bg_layout_light\" href=\"https:\/\/tondeogreen.com\/webb\/18-webb-weh-18.html\" style=\"font-size:18px;\">Voir<\/a><\/div><br \/>\n<\/td><td class=\"column-2\"><img decoding=\"async\" src=\"https:\/\/tondeogreen.com\/69-home_default\/webb-weh-18.jpg\" alt=\"Webb WEH 18 - Tondeuse manuelle\" width=\"90px\"\/><\/td><td class=\"column-3\">5<\/td><td class=\"column-4\">45 cm<\/td><td class=\"column-5\">24 \u00e0 75 mm<\/td><td class=\"column-6\">300 m\u00b2<\/td><td class=\"column-7\">21 kg<\/td><td class=\"column-8\">Arri\u00e8re<\/td><td class=\"column-9\">\u00e0 l\u2019avant<\/td>\n<\/tr>\n<tr class=\"row-8 even\">\n\t<td class=\"column-1\"><div style=\"text-align:center;\"><strong>Webb H12R<\/strong><a class=\"et_pb_button  et_pb_button_0 et_pb_module et_pb_bg_layout_light\" href=\"https:\/\/tondeogreen.com\/webb\/19-webb-h12r.html\" style=\"font-size:18px;\">Voir<\/a><\/div><\/td><td class=\"column-2\"><img decoding=\"async\" src=\"https:\/\/tondeogreen.com\/84-home_default\/webb-h12r.jpg\" alt=\"Webb H12R - Tondeuse manuelle\" width=\"90px\"\/><\/td><td class=\"column-3\">5<\/td><td class=\"column-4\">30 cm<\/td><td class=\"column-5\">13 \u00e0 23 mm<\/td><td class=\"column-6\">50 m\u00b2<\/td><td class=\"column-7\">11 kg<\/td><td class=\"column-8\">Arri\u00e8re et avant<\/td><td class=\"column-9\">\u00e0 l\u2019avant<\/td>\n<\/tr>\n<\/tbody>\n<\/table>\n<!-- #tablepress-2 from cache --><br \/>\n[\/et_pb_text][\/et_pb_column][\/et_pb_row][\/et_pb_section][et_pb_section fb_built=\u00a0\u00bb1&Prime; custom_padding_last_edited=\u00a0\u00bbon|desktop\u00a0\u00bb admin_label=\u00a0\u00bbsection\u00a0\u00bb _builder_version=\u00a0\u00bb3.22&Prime; background_image=\u00a0\u00bbhttps:\/\/tondeogreen.com\/blog\/wp-content\/uploads\/2016\/11\/grass-724014.jpg\u00a0\u00bb parallax=\u00a0\u00bbon\u00a0\u00bb parallax_method=\u00a0\u00bboff\u00a0\u00bb custom_padding_tablet=\u00a0\u00bb50px|0|50px|0&Prime; custom_css_main_element=\u00a0\u00bbborder: solid 5px white;\u00a0\u00bb transparent_background=\u00a0\u00bboff\u00a0\u00bb padding_mobile=\u00a0\u00bboff\u00a0\u00bb make_fullwidth=\u00a0\u00bboff\u00a0\u00bb use_custom_width=\u00a0\u00bboff\u00a0\u00bb width_unit=\u00a0\u00bboff\u00a0\u00bb global_colors_info=\u00a0\u00bb{}\u00a0\u00bb custom_padding_phone=\u00a0\u00bb50px|0|50px|0&Prime;][et_pb_row padding_mobile=\u00a0\u00bboff\u00a0\u00bb column_padding_mobile=\u00a0\u00bbon\u00a0\u00bb admin_label=\u00a0\u00bbrow\u00a0\u00bb _builder_version=\u00a0\u00bb3.25&Prime; background_size=\u00a0\u00bbinitial\u00a0\u00bb background_position=\u00a0\u00bbtop_left\u00a0\u00bb background_repeat=\u00a0\u00bbrepeat\u00a0\u00bb make_fullwidth=\u00a0\u00bboff\u00a0\u00bb use_custom_width=\u00a0\u00bboff\u00a0\u00bb width_unit=\u00a0\u00bboff\u00a0\u00bb global_colors_info=\u00a0\u00bb{}\u00a0\u00bb column_structure=\u00a0\u00bb1_3,2_3&Prime;][et_pb_column type=\u00a0\u00bb1_3&Prime; _builder_version=\u00a0\u00bb3.25&Prime; custom_padding=\u00a0\u00bb|||\u00a0\u00bb global_colors_info=\u00a0\u00bb{}\u00a0\u00bb custom_padding__hover=\u00a0\u00bb|||\u00a0\u00bb][et_pb_image src=\u00a0\u00bbhttps:\/\/tondeogreen.com\/blog\/wp-content\/uploads\/2016\/11\/TONDEUSE-HELICOIDALE-TONDEOGREEN.jpg\u00a0\u00bb align_tablet=\u00a0\u00bbcenter\u00a0\u00bb align_last_edited=\u00a0\u00bbon|desktop\u00a0\u00bb admin_label=\u00a0\u00bbImage\u00a0\u00bb _builder_version=\u00a0\u00bb3.23&Prime; animation_style=\u00a0\u00bbslide\u00a0\u00bb animation_direction=\u00a0\u00bbleft\u00a0\u00bb animation_duration=\u00a0\u00bb500ms\u00a0\u00bb animation_intensity_slide=\u00a0\u00bb10%\u00a0\u00bb use_border_color=\u00a0\u00bboff\u00a0\u00bb border_color=\u00a0\u00bb#ffffff\u00a0\u00bb border_width=\u00a0\u00bb1px\u00a0\u00bb border_style=\u00a0\u00bbsolid\u00a0\u00bb sticky=\u00a0\u00bboff\u00a0\u00bb always_center_on_mobile=\u00a0\u00bbon\u00a0\u00bb global_colors_info=\u00a0\u00bb{}\u00a0\u00bb align_phone=\u00a0\u00bbcenter\u00a0\u00bb][\/et_pb_image][\/et_pb_column][et_pb_column type=\u00a0\u00bb2_3&Prime; _builder_version=\u00a0\u00bb3.25&Prime; custom_padding=\u00a0\u00bb|||\u00a0\u00bb global_colors_info=\u00a0\u00bb{}\u00a0\u00bb custom_padding__hover=\u00a0\u00bb|||\u00a0\u00bb][et_pb_cta title=\u00a0\u00bbTrouvez votre tondeuse h\u00e9lico\u00efdale sur la boutique TONDEOGREEN\u00a0\u00bb button_url=\u00a0\u00bbhttps:\/\/tondeogreen.com\/12-tondeuses-helicoidales\u00a0\u00bb button_text=\u00a0\u00bbAcheter sa tondeuse h\u00e9lico\u00efdale\u00a0\u00bb admin_label=\u00a0\u00bbAppel d&rsquo;action\u00a0\u00bb _builder_version=\u00a0\u00bb4.14.9&Prime; header_font_size=\u00a0\u00bb32px\u00a0\u00bb header_line_height=\u00a0\u00bb1.6em\u00a0\u00bb use_background_color=\u00a0\u00bboff\u00a0\u00bb background_size=\u00a0\u00bbinitial\u00a0\u00bb background_position=\u00a0\u00bbtop_left\u00a0\u00bb background_repeat=\u00a0\u00bbrepeat\u00a0\u00bb hover_enabled=\u00a0\u00bb0&Prime; use_border_color=\u00a0\u00bboff\u00a0\u00bb border_color=\u00a0\u00bb#ffffff\u00a0\u00bb border_width=\u00a0\u00bb1px\u00a0\u00bb border_style=\u00a0\u00bbsolid\u00a0\u00bb button_letter_spacing_hover=\u00a0\u00bb0&Prime; global_colors_info=\u00a0\u00bb{}\u00a0\u00bb button_text_size__hover_enabled=\u00a0\u00bboff\u00a0\u00bb button_one_text_size__hover_enabled=\u00a0\u00bboff\u00a0\u00bb button_two_text_size__hover_enabled=\u00a0\u00bboff\u00a0\u00bb button_text_color__hover_enabled=\u00a0\u00bboff\u00a0\u00bb button_one_text_color__hover_enabled=\u00a0\u00bboff\u00a0\u00bb button_two_text_color__hover_enabled=\u00a0\u00bboff\u00a0\u00bb button_border_width__hover_enabled=\u00a0\u00bboff\u00a0\u00bb button_one_border_width__hover_enabled=\u00a0\u00bboff\u00a0\u00bb button_two_border_width__hover_enabled=\u00a0\u00bboff\u00a0\u00bb button_border_color__hover_enabled=\u00a0\u00bboff\u00a0\u00bb button_one_border_color__hover_enabled=\u00a0\u00bboff\u00a0\u00bb button_two_border_color__hover_enabled=\u00a0\u00bboff\u00a0\u00bb button_border_radius__hover_enabled=\u00a0\u00bboff\u00a0\u00bb button_one_border_radius__hover_enabled=\u00a0\u00bboff\u00a0\u00bb button_two_border_radius__hover_enabled=\u00a0\u00bboff\u00a0\u00bb button_letter_spacing__hover_enabled=\u00a0\u00bbon\u00a0\u00bb button_letter_spacing__hover=\u00a0\u00bb0&Prime; button_one_letter_spacing__hover_enabled=\u00a0\u00bboff\u00a0\u00bb button_two_letter_spacing__hover_enabled=\u00a0\u00bboff\u00a0\u00bb button_bg_color__hover_enabled=\u00a0\u00bboff\u00a0\u00bb button_one_bg_color__hover_enabled=\u00a0\u00bboff\u00a0\u00bb button_two_bg_color__hover_enabled=\u00a0\u00bboff\u00a0\u00bb sticky_enabled=\u00a0\u00bb0&Prime;][\/et_pb_cta][\/et_pb_column][\/et_pb_row][\/et_pb_section][et_pb_section fb_built=\u00a0\u00bb1&Prime; custom_padding_last_edited=\u00a0\u00bbon|desktop\u00a0\u00bb admin_label=\u00a0\u00bbsection\u00a0\u00bb _builder_version=\u00a0\u00bb3.22&Prime; background_color=\u00a0\u00bbrgba(255,255,255,0)\u00a0\u00bb custom_padding_tablet=\u00a0\u00bb50px|0|50px|0&Prime; transparent_background=\u00a0\u00bbon\u00a0\u00bb padding_mobile=\u00a0\u00bboff\u00a0\u00bb make_fullwidth=\u00a0\u00bboff\u00a0\u00bb use_custom_width=\u00a0\u00bboff\u00a0\u00bb width_unit=\u00a0\u00bboff\u00a0\u00bb global_colors_info=\u00a0\u00bb{}\u00a0\u00bb custom_padding_phone=\u00a0\u00bb50px|0|50px|0&Prime;][et_pb_row padding_mobile=\u00a0\u00bboff\u00a0\u00bb column_padding_mobile=\u00a0\u00bbon\u00a0\u00bb admin_label=\u00a0\u00bbrow\u00a0\u00bb _builder_version=\u00a0\u00bb3.25&Prime; background_size=\u00a0\u00bbinitial\u00a0\u00bb background_position=\u00a0\u00bbtop_left\u00a0\u00bb background_repeat=\u00a0\u00bbrepeat\u00a0\u00bb make_fullwidth=\u00a0\u00bboff\u00a0\u00bb use_custom_width=\u00a0\u00bboff\u00a0\u00bb width_unit=\u00a0\u00bboff\u00a0\u00bb custom_width_px=\u00a0\u00bb1080px\u00a0\u00bb custom_width_percent=\u00a0\u00bb80%\u00a0\u00bb global_colors_info=\u00a0\u00bb{}\u00a0\u00bb][et_pb_column type=\u00a0\u00bb4_4&Prime; _builder_version=\u00a0\u00bb3.25&Prime; custom_padding=\u00a0\u00bb|||\u00a0\u00bb global_colors_info=\u00a0\u00bb{}\u00a0\u00bb custom_padding__hover=\u00a0\u00bb|||\u00a0\u00bb][\/et_pb_column][\/et_pb_row][\/et_pb_section]<\/p>\n","protected":false},"excerpt":{"rendered":"<p>Comment choisir la bonne tondeuse manuelle ? Pour vous aider \u00e0 faire le meilleur choix pour votre gazon, nous vous proposons ce guide faisant le point sur les caract\u00e9ristiques \u00e0 prendre en compte lorsque l\u2019on d\u00e9cide d\u2019acheter une tondeuse manuelle. Vos besoins et vos attentes par rapport \u00e0 votre tondeuse La premi\u00e8re \u00e9tape \u00e0 suivre [&hellip;]<\/p>\n","protected":false},"author":1,"featured_media":0,"parent":111,"menu_order":0,"comment_status":"closed","ping_status":"closed","template":"","meta":{"_et_pb_use_builder":"on","_et_pb_old_content":"","_et_gb_content_width":"","footnotes":""},"class_list":["post-611","page","type-page","status-publish","hentry"],"_links":{"self":[{"href":"https:\/\/tondeogreen.com\/blog\/wp-json\/wp\/v2\/pages\/611","targetHints":{"allow":["GET"]}}],"collection":[{"href":"https:\/\/tondeogreen.com\/blog\/wp-json\/wp\/v2\/pages"}],"about":[{"href":"https:\/\/tondeogreen.com\/blog\/wp-json\/wp\/v2\/types\/page"}],"author":[{"embeddable":true,"href":"https:\/\/tondeogreen.com\/blog\/wp-json\/wp\/v2\/users\/1"}],"replies":[{"embeddable":true,"href":"https:\/\/tondeogreen.com\/blog\/wp-json\/wp\/v2\/comments?post=611"}],"version-history":[{"count":35,"href":"https:\/\/tondeogreen.com\/blog\/wp-json\/wp\/v2\/pages\/611\/revisions"}],"predecessor-version":[{"id":867,"href":"https:\/\/tondeogreen.com\/blog\/wp-json\/wp\/v2\/pages\/611\/revisions\/867"}],"up":[{"embeddable":true,"href":"https:\/\/tondeogreen.com\/blog\/wp-json\/wp\/v2\/pages\/111"}],"wp:attachment":[{"href":"https:\/\/tondeogreen.com\/blog\/wp-json\/wp\/v2\/media?parent=611"}],"curies":[{"name":"wp","href":"https:\/\/api.w.org\/{rel}","templated":true}]}}